{"id":10442,"date":"2018-04-06T08:12:22","date_gmt":"2018-04-06T12:12:22","guid":{"rendered":"https:\/\/www.flexpipeinc.com\/support\/"},"modified":"2020-12-17T15:23:58","modified_gmt":"2020-12-17T20:23:58","slug":"soutien","status":"publish","type":"page","link":"https:\/\/www.flexpipeinc.com\/ca_fr\/soutien\/","title":{"rendered":"Support"},"content":{"rendered":"<section class=\"section--magento section--categories\" gr-grid=\"container\">\n<div class=\"section__head\">\n<div class=\"typography\">\n<h1 class=\"h1\">Soutien<\/h1>\n<p>Besoin d&rsquo;aide? Obtenez toute l&rsquo;information n\u00e9cessaire pour d\u00e9buter du bon pied en faisant affaire avec nous. La r\u00e9ponse \u00e0 votre question se trouve fort probablement parmi ces pages, autrement n&rsquo;h\u00e9sitez pas \u00e0 communiquer avec nous <a href=\"https:\/\/www.flexpipeinc.com\/ca_fr\/contactez-nous\/\" target=\"_blank\" rel=\"noopener noreferrer\">par t\u00e9l\u00e9phone, courriel ou par chat<\/a>! Nous avons \u00e9galement rassembler une liste de fournisseurs compl\u00e9mentaires au <a href=\"https:\/\/www.flexpipeinc.com\/ca_fr\/systeme-modulaire\/\" target=\"_blank\" rel=\"noopener noreferrer\">syst\u00e8me de tube et joint modulaire<\/a>.<\/p>\n<\/div>\n<\/div>\n<div gr-grid=\"row--block xs-2 md-6\" gr-equalizer=\"\" gr-equalizer-breakpoint=\"xs\" gr-equalizer-target=\".product-card\">\n<div gr-grid=\"block\">\n<a href=\"https:\/\/www.flexpipeinc.com\/ca_fr\/ouverture-compte\/\" class=\"product-card\"><\/p>\n<div class=\"product-card__categorie\">Ouverture de compte<\/div>\n<div class=\"product-card__figure\" gr-lazyloader=\"done\">\n<img decoding=\"async\" src=\"https:\/\/www.flexpipeinc.com\/wp-content\/uploads\/2018\/04\/account-opening.jpg\" srcset=\"https:\/\/www.flexpipeinc.com\/wp-content\/uploads\/2018\/04\/account-opening.jpg\" alt=\"Ouverture de compte\" title=\"Ouverture de compte\">\n<\/div>\n<p><\/a>\n<\/div>\n<div gr-grid=\"block\">\n<a href=\"https:\/\/www.flexpipeinc.com\/ca_fr\/ou-commencer\/\" class=\"product-card\"><\/p>\n<div class=\"product-card__categorie\">O\u00f9 commencer<\/div>\n<div class=\"product-card__figure\" gr-lazyloader=\"done\">\n<img decoding=\"async\" src=\"https:\/\/www.flexpipeinc.com\/wp-content\/uploads\/2018\/04\/getting-started.jpg\" srcset=\"https:\/\/www.flexpipeinc.com\/wp-content\/uploads\/2018\/04\/getting-started.jpg\" alt=\"O\u00f9 commencer\" title=\"O\u00f9 commencer\">\n<\/div>\n<p><\/a>\n<\/div>\n<div gr-grid=\"block\">\n<a href=\"https:\/\/www.flexpipeinc.com\/ca_fr\/faq\/\" class=\"product-card\"><\/p>\n<div class=\"product-card__categorie\">Centre d\u2019aide<\/div>\n<div class=\"product-card__figure\" gr-lazyloader=\"done\">\n<img decoding=\"async\" src=\"https:\/\/www.flexpipeinc.com\/wp-content\/uploads\/2018\/04\/faq.jpg\" srcset=\"https:\/\/www.flexpipeinc.com\/wp-content\/uploads\/2018\/04\/faq.jpg\" alt=\"Frequently ask questions\" title=\"Frequently ask questions\">\n<\/div>\n<p><\/a>\n<\/div>\n<div gr-grid=\"block\">\n<a href=\"https:\/\/www.flexpipeinc.com\/ca_fr\/service-a-la-clientele\/\" class=\"product-card\"><\/p>\n<div class=\"product-card__categorie\">Service \u00e0 la client\u00e8le<\/div>\n<div class=\"product-card__figure\" gr-lazyloader=\"done\">\n<img decoding=\"async\" src=\"https:\/\/www.flexpipeinc.com\/wp-content\/uploads\/2018\/04\/customer-service.jpg\" srcset=\"https:\/\/www.flexpipeinc.com\/wp-content\/uploads\/2018\/04\/customer-service.jpg\" alt=\"Service \u00e0 la client\u00e8le\" title=\"Service \u00e0 la client\u00e8le\">\n<\/div>\n<p><\/a>\n<\/div>\n<div gr-grid=\"block\">\n<a href=\"https:\/\/www.flexpipeinc.com\/ca_fr\/expedition\/\" class=\"product-card\"><\/p>\n<div class=\"product-card__categorie\">Exp\u00e9dition<\/div>\n<div class=\"product-card__figure\" gr-lazyloader=\"done\">\n<img decoding=\"async\" src=\"https:\/\/www.flexpipeinc.com\/wp-content\/uploads\/2018\/04\/shipping.jpg\" srcset=\"https:\/\/www.flexpipeinc.com\/wp-content\/uploads\/2018\/04\/shipping.jpg\" alt=\"Exp\u00e9dition\" title=\"Exp\u00e9dition\">\n<\/div>\n<p><\/a>\n<\/div>\n<div gr-grid=\"block\">\n<a href=\"https:\/\/www.flexpipeinc.com\/ca_fr\/ressources\/\" class=\"product-card\"><\/p>\n<div class=\"product-card__categorie\">Ressources<\/div>\n<div class=\"product-card__figure\" gr-lazyloader=\"done\">\n<img decoding=\"async\" src=\"https:\/\/www.flexpipeinc.com\/wp-content\/uploads\/2018\/04\/resources.jpg\" srcset=\"https:\/\/www.flexpipeinc.com\/wp-content\/uploads\/2018\/04\/resources.jpg\" alt=\"Ressources\" title=\"Ressources\">\n<\/div>\n<p><\/a>\n<\/div>\n<\/div>\n<\/section>\n","protected":false},"excerpt":{"rendered":"<p>Soutien Besoin d&rsquo;aide? Obtenez toute l&rsquo;information n\u00e9cessaire pour d\u00e9buter du bon pied en faisant affaire avec nous. La r\u00e9ponse \u00e0 votre question se trouve fort probablement parmi ces pages, autrement n&rsquo;h\u00e9sitez pas \u00e0 communiquer avec nous par t\u00e9l\u00e9phone, courriel ou par chat! Nous avons \u00e9galement rassembler une liste de fournisseurs compl\u00e9mentaires au syst\u00e8me de tube &hellip; <a href=\"https:\/\/www.flexpipeinc.com\/ca_fr\/soutien\/\">Continued<\/a><\/p>\n","protected":false},"author":16,"featured_media":0,"parent":0,"menu_order":147,"comment_status":"closed","ping_status":"closed","template":"templates\/template-blank.php","meta":{"_acf_changed":false,"_eb_attr":"","content-type":"","inline_featured_image":false,"sfsi_plus_gutenberg_text_before_share":"","sfsi_plus_gutenberg_show_text_before_share":"","sfsi_plus_gutenberg_icon_type":"","sfsi_plus_gutenberg_icon_alignemt":"","sfsi_plus_gutenburg_max_per_row":"","_eb_data_table":"","cybocfi_hide_featured_image":"","yasr_overall_rating":0,"yasr_post_is_review":"","yasr_auto_insert_disabled":"","yasr_review_type":"","footnotes":""},"class_list":["post-10442","page","type-page","status-publish","hentry"],"acf":[],"yasr_visitor_votes":{"stars_attributes":{"read_only":false,"span_bottom":false},"number_of_votes":0,"sum_votes":0},"amp_enabled":false,"_links":{"self":[{"href":"https:\/\/www.flexpipeinc.com\/ca_fr\/wp-json\/wp\/v2\/pages\/10442","targetHints":{"allow":["GET"]}}],"collection":[{"href":"https:\/\/www.flexpipeinc.com\/ca_fr\/wp-json\/wp\/v2\/pages"}],"about":[{"href":"https:\/\/www.flexpipeinc.com\/ca_fr\/wp-json\/wp\/v2\/types\/page"}],"author":[{"embeddable":true,"href":"https:\/\/www.flexpipeinc.com\/ca_fr\/wp-json\/wp\/v2\/users\/16"}],"replies":[{"embeddable":true,"href":"https:\/\/www.flexpipeinc.com\/ca_fr\/wp-json\/wp\/v2\/comments?post=10442"}],"version-history":[{"count":0,"href":"https:\/\/www.flexpipeinc.com\/ca_fr\/wp-json\/wp\/v2\/pages\/10442\/revisions"}],"wp:attachment":[{"href":"https:\/\/www.flexpipeinc.com\/ca_fr\/wp-json\/wp\/v2\/media?parent=10442"}],"curies":[{"name":"wp","href":"https:\/\/api.w.org\/{rel}","templated":true}]}}