{"id":10526,"date":"2018-04-06T14:27:16","date_gmt":"2018-04-06T18:27:16","guid":{"rendered":"https:\/\/www.flexpipeinc.com\/company\/"},"modified":"2020-12-17T15:51:35","modified_gmt":"2020-12-17T20:51:35","slug":"compagnie","status":"publish","type":"page","link":"https:\/\/www.flexpipeinc.com\/ca_fr\/compagnie\/","title":{"rendered":"Compagnie"},"content":{"rendered":"<section class=\"section--magento section--categories\" gr-grid=\"container\">\n<div class=\"section__head\">\n<div class=\"typography\">\n<h1 class=\"h1\">Compagnie<\/h1>\n<p>Nous d\u00e9ployons tous nos efforts pour que l&rsquo;int\u00e9gration de <a href=\"https:\/\/www.flexpipeinc.com\/ca_fr\/systeme-modulaire\/\" target=\"_blank\" rel=\"noopener noreferrer\">syst\u00e8mes de manutention modulaires<\/a> soit la plus simple possible. Vous disposez d&rsquo;un budget limit\u00e9? De d\u00e9lais serr\u00e9s? D\u00e9couvrez comment Flexpipe vous apportera l&rsquo;aide n\u00e9cessaire ou vous fournira des solutions alternatives aux contraintes que vous pourriez avoir. Apprenez-en davantage sur l&rsquo;histoire et les gens derri\u00e8re Flexpipe!<\/p>\n<\/div>\n<\/div>\n<div gr-grid=\"row--block xs-2 md-6\" gr-equalizer=\"\" gr-equalizer-breakpoint=\"xs\" gr-equalizer-target=\".product-card\">\n<div gr-grid=\"block\"><a href=\"https:\/\/www.flexpipeinc.com\/ca_fr\/blogue\/\" class=\"product-card\"><\/p>\n<div class=\"product-card__categorie\">Blogue<\/div>\n<div class=\"product-card__figure\" gr-lazyloader=\"done\"><img decoding=\"async\" src=\"https:\/\/www.flexpipeinc.com\/wp-content\/uploads\/2020\/12\/icone-blogue.svg\" srcset=\"https:\/\/www.flexpipeinc.com\/wp-content\/uploads\/2020\/12\/icone-blogue.svg\" alt=\"Blogue\" title=\"Blogue\"><\/div>\n<p><\/a><\/div>\n<div gr-grid=\"block\"><a href=\"https:\/\/www.flexpipeinc.com\/ca_fr\/pourquoi-flexpipe\/\" class=\"product-card\"><\/p>\n<div class=\"product-card__categorie\">Pourquoi Flexpipe<\/div>\n<div class=\"product-card__figure\" gr-lazyloader=\"done\"><img decoding=\"async\" src=\"https:\/\/www.flexpipeinc.com\/wp-content\/uploads\/2018\/04\/why-flexpipe.jpg\" srcset=\"https:\/\/www.flexpipeinc.com\/wp-content\/uploads\/2018\/04\/why-flexpipe\" alt=\"Pourquoi Flexpipe\" title=\"Pourquoi Flexpipe\"><\/div>\n<p><\/a><\/div>\n<div gr-grid=\"block\"><a href=\"https:\/\/www.flexpipeinc.com\/ca_fr\/about-us\/\" class=\"product-card\"><\/p>\n<div class=\"product-card__categorie\">\u00c0 propos<\/div>\n<div class=\"product-card__figure\" gr-lazyloader=\"done\"><img decoding=\"async\" src=\"https:\/\/www.flexpipeinc.com\/wp-content\/uploads\/2018\/04\/about-us.jpg\" srcset=\"https:\/\/www.flexpipeinc.com\/wp-content\/uploads\/2018\/04\/about-us\" alt=\"\u00c0 propos\" title=\"\u00c0 propos\"><\/div>\n<p><\/a><\/div>\n<div gr-grid=\"block\"><a href=\"https:\/\/www.flexpipeinc.com\/ca_fr\/equipe-flexpipe\/\" class=\"product-card\"><\/p>\n<div class=\"product-card__categorie\">\u00c9quipe<\/div>\n<div class=\"product-card__figure\" gr-lazyloader=\"done\"><img decoding=\"async\" src=\"https:\/\/www.flexpipeinc.com\/wp-content\/uploads\/2018\/04\/team.jpg\" srcset=\"https:\/\/www.flexpipeinc.com\/wp-content\/uploads\/2018\/04\/team\" alt=\"\u00c9quipe\" title=\"\u00c9quipe\"><\/div>\n<p><\/a><\/div>\n<div gr-grid=\"block\"><a href=\"https:\/\/www.flexpipeinc.com\/ca_fr\/contactez-nous\/\" class=\"product-card\"><\/p>\n<div class=\"product-card__categorie\">Contactez nous<\/div>\n<div class=\"product-card__figure\" gr-lazyloader=\"done\"><img decoding=\"async\" src=\"https:\/\/www.flexpipeinc.com\/wp-content\/uploads\/2018\/04\/contact-us.jpg\" srcset=\"https:\/\/www.flexpipeinc.com\/wp-content\/uploads\/2018\/04\/contact-us\" alt=\"Contactez nous\" title=\"Contactez nous\"><\/div>\n<p><\/a><\/div>\n<div gr-grid=\"block\"><a href=\"https:\/\/www.flexpipeinc.com\/ca_fr\/compagnie\/services-offerts\/\" class=\"product-card\"><\/p>\n<div class=\"product-card__categorie\">Services offerts<\/div>\n<div class=\"product-card__figure\" gr-lazyloader=\"done\"><img decoding=\"async\" src=\"https:\/\/www.flexpipeinc.com\/wp-content\/uploads\/2020\/12\/icone-services-offerts.svg\" srcset=\"https:\/\/www.flexpipeinc.com\/wp-content\/uploads\/2020\/12\/icone-services-offerts.svg\" alt=\"Services offerts\" title=\"Services offerts\"><\/div>\n<p><\/a><\/div>\n<\/div>\n<\/section>\n","protected":false},"excerpt":{"rendered":"<p>Compagnie Nous d\u00e9ployons tous nos efforts pour que l&rsquo;int\u00e9gration de syst\u00e8mes de manutention modulaires soit la plus simple possible. Vous disposez d&rsquo;un budget limit\u00e9? De d\u00e9lais serr\u00e9s? D\u00e9couvrez comment Flexpipe vous apportera l&rsquo;aide n\u00e9cessaire ou vous fournira des solutions alternatives aux contraintes que vous pourriez avoir. Apprenez-en davantage sur l&rsquo;histoire et les gens derri\u00e8re Flexpipe! &hellip; <a href=\"https:\/\/www.flexpipeinc.com\/ca_fr\/compagnie\/\">Continued<\/a><\/p>\n","protected":false},"author":16,"featured_media":0,"parent":0,"menu_order":144,"comment_status":"closed","ping_status":"closed","template":"templates\/template-blank.php","meta":{"_acf_changed":false,"_eb_attr":"","content-type":"","inline_featured_image":false,"sfsi_plus_gutenberg_text_before_share":"","sfsi_plus_gutenberg_show_text_before_share":"","sfsi_plus_gutenberg_icon_type":"","sfsi_plus_gutenberg_icon_alignemt":"","sfsi_plus_gutenburg_max_per_row":"","_eb_data_table":"","cybocfi_hide_featured_image":"","yasr_overall_rating":0,"yasr_post_is_review":"","yasr_auto_insert_disabled":"","yasr_review_type":"","footnotes":""},"class_list":["post-10526","page","type-page","status-publish","hentry"],"acf":[],"yasr_visitor_votes":{"stars_attributes":{"read_only":false,"span_bottom":false},"number_of_votes":0,"sum_votes":0},"amp_enabled":false,"_links":{"self":[{"href":"https:\/\/www.flexpipeinc.com\/ca_fr\/wp-json\/wp\/v2\/pages\/10526","targetHints":{"allow":["GET"]}}],"collection":[{"href":"https:\/\/www.flexpipeinc.com\/ca_fr\/wp-json\/wp\/v2\/pages"}],"about":[{"href":"https:\/\/www.flexpipeinc.com\/ca_fr\/wp-json\/wp\/v2\/types\/page"}],"author":[{"embeddable":true,"href":"https:\/\/www.flexpipeinc.com\/ca_fr\/wp-json\/wp\/v2\/users\/16"}],"replies":[{"embeddable":true,"href":"https:\/\/www.flexpipeinc.com\/ca_fr\/wp-json\/wp\/v2\/comments?post=10526"}],"version-history":[{"count":0,"href":"https:\/\/www.flexpipeinc.com\/ca_fr\/wp-json\/wp\/v2\/pages\/10526\/revisions"}],"wp:attachment":[{"href":"https:\/\/www.flexpipeinc.com\/ca_fr\/wp-json\/wp\/v2\/media?parent=10526"}],"curies":[{"name":"wp","href":"https:\/\/api.w.org\/{rel}","templated":true}]}}