{"id":10547,"date":"2018-04-06T14:55:59","date_gmt":"2018-04-06T18:55:59","guid":{"rendered":"https:\/\/www.flexpipeinc.com\/applications\/"},"modified":"2024-06-18T14:19:27","modified_gmt":"2024-06-18T18:19:27","slug":"applications","status":"publish","type":"page","link":"https:\/\/www.flexpipeinc.com\/ca_fr\/applications\/","title":{"rendered":"Applications"},"content":{"rendered":"<section class=\"section--magento section--categories\" gr-grid=\"container\">\n<div class=\"section__head\">\n<div class=\"typography\">\n<h1 class=\"h1\">Applications<\/h1>\n<p>Apprenez-en plus sur tout le potentiel du <a href=\"https:\/\/www.flexpipeinc.com\/ca_fr\/systeme-modulaire\/\" target=\"_blank\" rel=\"noopener noreferrer\">syst\u00e8me modulaire<\/a>! Vous vous demandez comment les tubes et joints peuvent s&rsquo;ins\u00e9rer dans votre quotidien au travail? D\u00e9couvrez ce que d\u2019autres entreprises ont r\u00e9alis\u00e9s dans diverses industries, voyez des images 3D de projets assembl\u00e9s par notre \u00e9quipe et explorez les diff\u00e9rentes possibilit\u00e9s pour am\u00e9liorer votre syst\u00e8me de production.<\/p>\n<\/div>\n<\/div>\n<div gr-grid=\"row--block xs-2 md-6\" gr-equalizer=\"\" gr-equalizer-breakpoint=\"xs\" gr-equalizer-target=\".product-card\">\n<div gr-grid=\"block\"><a href=\"https:\/\/www.flexpipeinc.com\/ca_fr\/systeme-modulaire\/\" class=\"product-card\"><\/p>\n<div class=\"product-card__categorie\">Syst\u00e8me modulaire<\/div>\n<div class=\"product-card__figure\" gr-lazyloader=\"done\"><img decoding=\"async\" src=\"https:\/\/www.flexpipeinc.com\/wp-content\/uploads\/2018\/09\/modular-system.jpg\" srcset=\"https:\/\/www.flexpipeinc.com\/wp-content\/uploads\/2018\/09\/modular-system\" alt=\"Syst\u00e8me modulaire\" title=\"Syst\u00e8me modulaire\"><\/div>\n<p><\/a><\/div>\n<div gr-grid=\"block\"><a href=\"https:\/\/www.flexpipeinc.com\/ca_fr\/structures\/\" class=\"product-card\"><\/p>\n<div class=\"product-card__categorie\">Structures<\/div>\n<div class=\"product-card__figure\" gr-lazyloader=\"done\"><img decoding=\"async\" src=\"https:\/\/www.flexpipeinc.com\/wp-content\/uploads\/2018\/04\/structures.jpg\" srcset=\"https:\/\/www.flexpipeinc.com\/wp-content\/uploads\/2018\/04\/structures\" alt=\"Structures\" title=\"Structures\"><\/div>\n<p><\/a><\/div>\n<div gr-grid=\"block\"><a href=\"https:\/\/www.flexpipeinc.com\/ca_fr\/industries\/\" class=\"product-card\"><\/p>\n<div class=\"product-card__categorie\">Industries<\/div>\n<div class=\"product-card__figure\" gr-lazyloader=\"done\"><img decoding=\"async\" src=\"https:\/\/www.flexpipeinc.com\/wp-content\/uploads\/2023\/12\/Industries_industries.jpg\" srcset=\"https:\/\/www.flexpipeinc.com\/wp-content\/uploads\/2023\/12\/Industries_industries.jpg\" alt=\"Industries\" title=\"Industries\"><\/div>\n<p><\/a><\/div>\n<div gr-grid=\"block\"><a href=\"https:\/\/www.flexpipeinc.com\/ca_fr\/etudes-de-cas\/\" class=\"product-card\"><\/p>\n<div class=\"product-card__categorie\">\u00c9tudes de cas<\/div>\n<div class=\"product-card__figure\" gr-lazyloader=\"done\"><img decoding=\"async\" src=\"https:\/\/www.flexpipeinc.com\/wp-content\/uploads\/2018\/04\/case-studies.jpg\" srcset=\"https:\/\/www.flexpipeinc.com\/wp-content\/uploads\/2018\/04\/case-studies\" alt=\"\u00c9tudes de cas\" title=\"\u00c9tudes de cas\"><\/div>\n<p><\/a><\/div>\n<div gr-grid=\"block\"><a href=\"https:\/\/www.flexpipeinc.com\/ca_fr\/Plans gratuits\/\" class=\"product-card\"><\/p>\n<div class=\"product-card__categorie\">Plans gratuits<\/div>\n<div class=\"product-card__figure\" gr-lazyloader=\"done\"><img decoding=\"async\" src=\"https:\/\/www.flexpipeinc.com\/wp-content\/uploads\/2024\/06\/freeplans-icon-1.jpg\" srcset=\"https:\/\/www.flexpipeinc.com\/wp-content\/uploads\/2024\/06\/freeplans-icon-1.jpg\" alt=\"Plans gratuits\" title=\"Plans gratuits\"><\/div>\n<p><\/a><\/div>\n<div gr-grid=\"block\"><a href=\"https:\/\/www.flexpipeinc.com\/ca_fr\/inspiration\/\" class=\"product-card\"><\/p>\n<div class=\"product-card__categorie\">Inspiration<\/div>\n<div class=\"product-card__figure\" gr-lazyloader=\"done\"><img decoding=\"async\" src=\"https:\/\/www.flexpipeinc.com\/wp-content\/uploads\/2018\/04\/photo-gallery.jpg\" srcset=\"https:\/\/www.flexpipeinc.com\/wp-content\/uploads\/2018\/04\/photo-gallery.jpg\" alt=\"Inspiration\" title=\"Inspiration\"><\/div>\n<p><\/a><\/div>\n<\/div>\n<\/section>\n","protected":false},"excerpt":{"rendered":"<p>Applications Apprenez-en plus sur tout le potentiel du syst\u00e8me modulaire! Vous vous demandez comment les tubes et joints peuvent s&rsquo;ins\u00e9rer dans votre quotidien au travail? D\u00e9couvrez ce que d\u2019autres entreprises ont r\u00e9alis\u00e9s dans diverses industries, voyez des images 3D de projets assembl\u00e9s par notre \u00e9quipe et explorez les diff\u00e9rentes possibilit\u00e9s pour am\u00e9liorer votre syst\u00e8me de &hellip; <a href=\"https:\/\/www.flexpipeinc.com\/ca_fr\/applications\/\">Continued<\/a><\/p>\n","protected":false},"author":16,"featured_media":0,"parent":0,"menu_order":140,"comment_status":"closed","ping_status":"closed","template":"templates\/template-blank.php","meta":{"_acf_changed":false,"_eb_attr":"","content-type":"","inline_featured_image":false,"sfsi_plus_gutenberg_text_before_share":"","sfsi_plus_gutenberg_show_text_before_share":"","sfsi_plus_gutenberg_icon_type":"","sfsi_plus_gutenberg_icon_alignemt":"","sfsi_plus_gutenburg_max_per_row":"","_eb_data_table":"","cybocfi_hide_featured_image":"","yasr_overall_rating":0,"yasr_post_is_review":"","yasr_auto_insert_disabled":"","yasr_review_type":"","footnotes":""},"class_list":["post-10547","page","type-page","status-publish","hentry"],"acf":[],"yasr_visitor_votes":{"stars_attributes":{"read_only":false,"span_bottom":false},"number_of_votes":0,"sum_votes":0},"amp_enabled":false,"_links":{"self":[{"href":"https:\/\/www.flexpipeinc.com\/ca_fr\/wp-json\/wp\/v2\/pages\/10547","targetHints":{"allow":["GET"]}}],"collection":[{"href":"https:\/\/www.flexpipeinc.com\/ca_fr\/wp-json\/wp\/v2\/pages"}],"about":[{"href":"https:\/\/www.flexpipeinc.com\/ca_fr\/wp-json\/wp\/v2\/types\/page"}],"author":[{"embeddable":true,"href":"https:\/\/www.flexpipeinc.com\/ca_fr\/wp-json\/wp\/v2\/users\/16"}],"replies":[{"embeddable":true,"href":"https:\/\/www.flexpipeinc.com\/ca_fr\/wp-json\/wp\/v2\/comments?post=10547"}],"version-history":[{"count":0,"href":"https:\/\/www.flexpipeinc.com\/ca_fr\/wp-json\/wp\/v2\/pages\/10547\/revisions"}],"wp:attachment":[{"href":"https:\/\/www.flexpipeinc.com\/ca_fr\/wp-json\/wp\/v2\/media?parent=10547"}],"curies":[{"name":"wp","href":"https:\/\/api.w.org\/{rel}","templated":true}]}}