{"id":10907,"date":"2018-04-30T15:09:31","date_gmt":"2018-04-30T19:09:31","guid":{"rendered":"https:\/\/www.flexpipeinc.com\/download-our-price-list\/"},"modified":"2020-08-11T14:42:28","modified_gmt":"2020-08-11T18:42:28","slug":"telecharger-notre-liste-prix","status":"publish","type":"page","link":"https:\/\/www.flexpipeinc.com\/ca_fr\/telecharger-notre-liste-prix\/","title":{"rendered":"T\u00e9l\u00e9charger notre liste de prix"},"content":{"rendered":"<section class=\"section--magento section--categories\">\n<div class=\"section__head\">\n<div class=\"typography\">\n<h1 class=\"h1\">T\u00e9l\u00e9charger<br \/>\nnotre liste de prix<\/h1>\n<p>Le fichier sera t\u00e9l\u00e9charg\u00e9 sous peu. Sinon, <a href=\"https:\/\/www.flexpipeinc.com\/wp-content\/uploads\/2018\/08\/CAD-Flexpipe-Liste-de-prix-2018.xlsx\" target=\"_blank\" rel=\"noopener noreferrer\">t\u00e9l\u00e9chargez-la manuellement ici.<\/a><\/p>\n<\/div>\n<\/div>\n<div align=\"center\">\n<p><strong>SAVIEZ-VOUS QUE VOUS POUVEZ COMMANDER EN LIGNE?<\/strong><\/p>\n<p><a href=\"https:\/\/shop.flexpipeinc.com\/ca_en\/\" target=\"_blank\" rel=\"noopener\"><img decoding=\"async\" style=\"width: 100%; max-width: 409px; margin-top: 5px;\" title=\"\" src=\"https:\/\/www.flexpipeinc.com\/wp-content\/uploads\/2018\/05\/btn-shop-online-products-fr.jpg\" alt=\"\" \/><\/a><\/p>\n<\/div>\n<\/section>\n","protected":false},"excerpt":{"rendered":"<p>T\u00e9l\u00e9charger notre liste de prix Le fichier sera t\u00e9l\u00e9charg\u00e9 sous peu. Sinon, t\u00e9l\u00e9chargez-la manuellement ici. SAVIEZ-VOUS QUE VOUS POUVEZ COMMANDER EN LIGNE?<\/p>\n","protected":false},"author":16,"featured_media":0,"parent":0,"menu_order":128,"comment_status":"closed","ping_status":"closed","template":"templates\/template-blank.php","meta":{"_acf_changed":false,"_eb_attr":"","content-type":"","inline_featured_image":false,"sfsi_plus_gutenberg_text_before_share":"","sfsi_plus_gutenberg_show_text_before_share":"","sfsi_plus_gutenberg_icon_type":"","sfsi_plus_gutenberg_icon_alignemt":"","sfsi_plus_gutenburg_max_per_row":"","_eb_data_table":"","cybocfi_hide_featured_image":"","yasr_overall_rating":0,"yasr_post_is_review":"","yasr_auto_insert_disabled":"","yasr_review_type":"","footnotes":""},"class_list":["post-10907","page","type-page","status-publish","hentry"],"acf":[],"yasr_visitor_votes":{"stars_attributes":{"read_only":false,"span_bottom":false},"number_of_votes":0,"sum_votes":0},"amp_enabled":false,"_links":{"self":[{"href":"https:\/\/www.flexpipeinc.com\/ca_fr\/wp-json\/wp\/v2\/pages\/10907","targetHints":{"allow":["GET"]}}],"collection":[{"href":"https:\/\/www.flexpipeinc.com\/ca_fr\/wp-json\/wp\/v2\/pages"}],"about":[{"href":"https:\/\/www.flexpipeinc.com\/ca_fr\/wp-json\/wp\/v2\/types\/page"}],"author":[{"embeddable":true,"href":"https:\/\/www.flexpipeinc.com\/ca_fr\/wp-json\/wp\/v2\/users\/16"}],"replies":[{"embeddable":true,"href":"https:\/\/www.flexpipeinc.com\/ca_fr\/wp-json\/wp\/v2\/comments?post=10907"}],"version-history":[{"count":0,"href":"https:\/\/www.flexpipeinc.com\/ca_fr\/wp-json\/wp\/v2\/pages\/10907\/revisions"}],"wp:attachment":[{"href":"https:\/\/www.flexpipeinc.com\/ca_fr\/wp-json\/wp\/v2\/media?parent=10907"}],"curies":[{"name":"wp","href":"https:\/\/api.w.org\/{rel}","templated":true}]}}