{"id":12987,"date":"2019-02-15T10:39:38","date_gmt":"2019-02-15T15:39:38","guid":{"rendered":"https:\/\/www.flexpipeinc.com\/?page_id=12987"},"modified":"2024-10-08T14:11:42","modified_gmt":"2024-10-08T18:11:42","slug":"installation","status":"publish","type":"page","link":"https:\/\/www.flexpipeinc.com\/ca_fr\/creator\/installation\/","title":{"rendered":"\u00c9TAPES D&rsquo;INSTALLATION"},"content":{"rendered":"<p><iframe loading=\"lazy\" src=\"https:\/\/www.youtube.com\/embed\/NT-zO5gSCtQ\" width=\"560\" height=\"315\" frameborder=\"0\" allowfullscreen=\"allowfullscreen\"><\/iframe><br \/>\nSuivez ces 3 \u00e9tapes simples pour installer l&rsquo;extension Flexpipe Creator :<\/p>\n<h3>1-T\u00e9l\u00e9chargez SketchUp Pro<\/h3>\n<p><a href=\"https:\/\/www.sketchup.com\/en\/plans-and-pricing\" target=\"_blank\" rel=\"noopener\"><strong>T\u00c9L\u00c9CHARGEZ SKETCHUP PRO<\/strong><\/a> &#8211; <strong>349 $ US \/an<\/strong><br \/>\nVous obtiendrez la derni\u00e8re version de SketchUp, incluant SketchUp Layout, qui vous sera utile pour faire vos plans d&rsquo;assemblage. <strong>* L&rsquo;extension Flexpipe Creator ne peut pas \u00eatre utilis\u00e9 avec la version web de Sketchup. *<\/strong><\/p>\n<p><em>*Pour b\u00e9n\u00e9ficier d&rsquo;une r\u00e9duction de 15 % sur l&rsquo;abonnement \u00e0 Sketchup Pro ou pour toute question concernant l&rsquo;abonnement, veuillez contacter Jayme Coleman (303) 546- 1132 jayme@sketchup.com , r\u00e9f\u00e9rence : FLEXPIPE15.*<\/em><\/p>\n<blockquote style=\"padding: 1rem; border-left: #f60 5px solid; margin-left: 1.5rem; font-style: normal; background: #f9f9f9;\">\n<h5>Version gratuite &#8211; SketchUp Make 2017<\/h5>\n<p>Depuis juin 2022, le site officiel de SketchUp ne propose plus la version gratuite (SketchUp Make 2017) en t\u00e9l\u00e9chargement. Trimble pr\u00e9vient qu&rsquo;elle pourrait avoir des probl\u00e8mes de s\u00e9curit\u00e9 car elle n&rsquo;a pas \u00e9t\u00e9 mise \u00e0 jour depuis 2017. Bien que nous vous recommandions d&rsquo;acheter une licence SketchUp pro, vous pouvez toujours t\u00e9l\u00e9charger la version gratuite \u00e0 partir du <a href=\"https:\/\/www.01net.com\/telecharger\/windows\/Multimedia\/creation_graphique\/fiches\/123948.html\" target=\"_blank\" rel=\"noopener\">lien suivant<\/a>.<\/p><\/blockquote>\n<h3>2-T\u00e9l\u00e9chargez\u00a0 Flexpipe Creator Extension<\/h3>\n<p><a href=\"https:\/\/www.flexpipeinc.com\/ca_fr\/creator\/telechargement\/\" target=\"_blank\" rel=\"noopener noreferrer\"><strong>T\u00c9L\u00c9CHARGEZ L&rsquo;EXTENSION FLEXPIPE CREATOR<\/strong><\/a> &#8211; <strong>GRATUIT<\/strong><br \/>\nCela r\u00e9duira d&rsquo;au moins 50% le temps de mod\u00e9lisation CAD de vos structures modulaires de tubes et de joints connecteurs.<\/p>\n<p>&nbsp;<\/p>\n<p>&nbsp;<\/p>\n<h3>3- Installez Flexpipe Creator Extension<\/h3>\n<p><a href=\"https:\/\/www.youtube.com\/watch?v=sV7ZTHx0RNY&amp;list=PL5mJBBquWljrpspX3J8tz9jcaqwHqxgTe&amp;index=2\" target=\"_blank\" rel=\"noopener noreferrer\"><strong>INSTALLEZ L&rsquo;EXTENSION DANS SKETCHUP<\/strong><\/a><br \/>\nVisionnez notre vid\u00e9o pour conna\u00eetre comment <a href=\"https:\/\/www.youtube.com\/watch?v=sV7ZTHx0RNY&amp;list=PL5mJBBquWljrpspX3J8tz9jcaqwHqxgTe&amp;index=8\" target=\"_blank\" rel=\"noopener noreferrer\">installer l&rsquo;extension Flexpipe Creator<\/a> en moins d&rsquo;une minute !<\/p>\n<h4><strong>\u00c0 VOUS DE JOUER!<\/strong><\/h4>\n<p>&nbsp;<\/p>\n<div class=\"cta-box cta-box--small\">\n<div class=\"cta-box__column\">\n<p><i><img loading=\"lazy\" decoding=\"async\" class=\"alignnone size-full wp-image-8659\" style=\"padding-right: 32px;\" src=\"https:\/\/www.flexpipeinc.com\/wp-content\/uploads\/2019\/02\/creator_logo.jpg\" alt=\"flexpipe-creator-logo\" width=\"94\" height=\"94\" \/><\/i><\/p>\n<div class=\"typography\">\n<h5>\u00c9TAPES EN PRIMES<\/h5>\n<ul>\n<li style=\"padding-left: 25px;\">Visionnez nos <a href=\"https:\/\/www.youtube.com\/watch?v=Q-eSnG1rj7M&amp;index=4&amp;list=PL5mJBBquWljrpspX3J8tz9jcaqwHqxgTe\" target=\"_blank\" rel=\"noopener noreferrer\"><strong>tutoriels vid\u00e9os<\/strong><\/a> sur la cha\u00eene YouTube de Flexpipe.<\/li>\n<li style=\"padding-left: 25px;\"><strong><a href=\"https:\/\/www.flexpipeinc.com\/ca_fr\/service-a-la-clientele\/\">Clavardez avec un expert<\/a><\/strong> et obtenez une formation rapide et personnalis\u00e9e.<\/li>\n<li style=\"padding-left: 25px;\">Visionnez notre section <a href=\"https:\/\/www.flexpipeinc.com\/ca_fr\/creator\/aide\/\" target=\"_blank\" rel=\"noopener noreferrer\"><strong>FAQ<\/strong><\/a><\/li>\n<li style=\"padding-left: 25px;\">Visionnez notre <a href=\"https:\/\/www.youtube.com\/watch?v=_UUkpZMNeTA\" target=\"_blank\" rel=\"noopener noreferrer\"><strong>WEBINAIRE<\/strong><\/a> anim\u00e9 par Esteban.<\/li>\n<\/ul>\n<\/div>\n<\/div>\n<p>&nbsp;<\/p>\n<p>&nbsp;<\/p>\n<\/div>\n","protected":false},"excerpt":{"rendered":"<p>Suivez ces 3 \u00e9tapes simples pour installer l&rsquo;extension Flexpipe Creator : 1-T\u00e9l\u00e9chargez SketchUp Pro T\u00c9L\u00c9CHARGEZ SKETCHUP PRO &#8211; 349 $ US \/an Vous obtiendrez la derni\u00e8re version de SketchUp, incluant SketchUp Layout, qui vous sera utile pour faire vos plans d&rsquo;assemblage. * L&rsquo;extension Flexpipe Creator ne peut pas \u00eatre utilis\u00e9 avec la version web de &hellip; <a href=\"https:\/\/www.flexpipeinc.com\/ca_fr\/creator\/installation\/\">Continued<\/a><\/p>\n","protected":false},"author":16,"featured_media":12682,"parent":13006,"menu_order":90,"comment_status":"closed","ping_status":"closed","template":"templates\/template-default.php","meta":{"_acf_changed":false,"_eb_attr":"","content-type":"","inline_featured_image":false,"sfsi_plus_gutenberg_text_before_share":"","sfsi_plus_gutenberg_show_text_before_share":"","sfsi_plus_gutenberg_icon_type":"","sfsi_plus_gutenberg_icon_alignemt":"","sfsi_plus_gutenburg_max_per_row":"","_eb_data_table":"","cybocfi_hide_featured_image":"","yasr_overall_rating":0,"yasr_post_is_review":"","yasr_auto_insert_disabled":"","yasr_review_type":"","footnotes":""},"class_list":["post-12987","page","type-page","status-publish","has-post-thumbnail","hentry"],"acf":[],"yasr_visitor_votes":{"stars_attributes":{"read_only":false,"span_bottom":false},"number_of_votes":0,"sum_votes":0},"amp_enabled":false,"_links":{"self":[{"href":"https:\/\/www.flexpipeinc.com\/ca_fr\/wp-json\/wp\/v2\/pages\/12987","targetHints":{"allow":["GET"]}}],"collection":[{"href":"https:\/\/www.flexpipeinc.com\/ca_fr\/wp-json\/wp\/v2\/pages"}],"about":[{"href":"https:\/\/www.flexpipeinc.com\/ca_fr\/wp-json\/wp\/v2\/types\/page"}],"author":[{"embeddable":true,"href":"https:\/\/www.flexpipeinc.com\/ca_fr\/wp-json\/wp\/v2\/users\/16"}],"replies":[{"embeddable":true,"href":"https:\/\/www.flexpipeinc.com\/ca_fr\/wp-json\/wp\/v2\/comments?post=12987"}],"version-history":[{"count":0,"href":"https:\/\/www.flexpipeinc.com\/ca_fr\/wp-json\/wp\/v2\/pages\/12987\/revisions"}],"up":[{"embeddable":true,"href":"https:\/\/www.flexpipeinc.com\/ca_fr\/wp-json\/wp\/v2\/pages\/13006"}],"wp:featuredmedia":[{"embeddable":true,"href":"https:\/\/www.flexpipeinc.com\/ca_fr\/wp-json\/wp\/v2\/media\/12682"}],"wp:attachment":[{"href":"https:\/\/www.flexpipeinc.com\/ca_fr\/wp-json\/wp\/v2\/media?parent=12987"}],"curies":[{"name":"wp","href":"https:\/\/api.w.org\/{rel}","templated":true}]}}