{"id":13986,"date":"2019-06-20T13:03:55","date_gmt":"2019-06-20T17:03:55","guid":{"rendered":"https:\/\/www.flexpipeinc.com\/?page_id=13986"},"modified":"2025-10-23T16:37:36","modified_gmt":"2025-10-23T20:37:36","slug":"formation","status":"publish","type":"page","link":"https:\/\/www.flexpipeinc.com\/ca_fr\/formation\/","title":{"rendered":"Formation de syst\u00e8mes modulaires lean &#8211; Conception et Assemblage"},"content":{"rendered":"\n<div class=\"wp-block-group is-style-container typographie\"><div class=\"wp-block-group__inner-container is-layout-constrained wp-block-group-is-layout-constrained\">\n<h2 class=\"wp-block-heading\"><strong><strong>Une formule, quatre options d&rsquo;apprentissage dynamiques<\/strong><\/strong><\/h2>\n\n\n\n<p>Les sessions de formation de Flexpipe, d\u00e9sormais enrichies de quatre options dynamiques, sont con\u00e7ues pour r\u00e9pondre aux divers besoins des fabricants lean \u00e0 travers l&rsquo;Am\u00e9rique du Nord. Ces solutions d&rsquo;apprentissage compl\u00e8tes sont structur\u00e9es pour garantir une int\u00e9gration transparente du syst\u00e8me Flexpipe dans vos op\u00e9rations commerciales.<\/p>\n\n\n\n<hr class=\"wp-block-separator has-alpha-channel-opacity\"\/>\n\n\n\n<div style=\"height:48px\" aria-hidden=\"true\" class=\"wp-block-spacer\"><\/div>\n\n\n\n<div class=\"wp-block-group\"><div class=\"wp-block-group__inner-container is-layout-constrained wp-block-group-is-layout-constrained\">\n<div class=\"wp-block-columns is-layout-flex wp-container-core-columns-is-layout-9d6595d7 wp-block-columns-is-layout-flex\">\n<div class=\"wp-block-column is-layout-flow wp-block-column-is-layout-flow\">\n<h3 class=\"wp-block-heading\">FORMATION PRATIQUE GRATUITE<\/h3>\n\n\n\n<p><strong>Au si\u00e8ge social de Flexpipe<\/strong><\/p>\n\n\n\n<p>Les dessinateurs et assembleurs Flexpipe en devenir pourront \u00e9tendre leur connaissance loin des soucis du bureau.&nbsp;<strong>Ils pourront mettre leur cr\u00e9ativit\u00e9 \u00e0 l\u2019\u0153uvre en b\u00e2tissant des structures s\u00e9curitaires et robustes.<\/strong><\/p>\n\n\n\n<p>Nous offrons de l\u2019information pertinente de fa\u00e7on concise sur le syst\u00e8me Flexpipe pour que l\u2019int\u00e9gration de celui-ci dans votre entreprise soit la plus harmonieuse<\/p>\n\n\n\n<div class=\"wp-block-buttons is-layout-flex wp-block-buttons-is-layout-flex\">\n<div class=\"wp-block-button\"><a class=\"wp-block-button__link wp-element-button\" href=\"https:\/\/www.flexpipeinc.com\/ca_fr\/formation-chez-flexpipe\/\">FORMATION CHEZ FLEXPIPE<\/a><\/div>\n<\/div>\n<\/div>\n\n\n\n<div class=\"wp-block-column is-layout-flow wp-block-column-is-layout-flow\"><div class=\"wp-block-image\">\n<figure class=\"alignright size-full\"><img loading=\"lazy\" decoding=\"async\" width=\"500\" height=\"400\" src=\"https:\/\/www.flexpipeinc.com\/wp-content\/uploads\/2023\/11\/training-in-house-3.jpg\" alt=\"training in house\" class=\"wp-image-51138\" srcset=\"https:\/\/www.flexpipeinc.com\/wp-content\/uploads\/2023\/11\/training-in-house-3.jpg 500w, https:\/\/www.flexpipeinc.com\/wp-content\/uploads\/2023\/11\/training-in-house-3-375x300.jpg 375w, https:\/\/www.flexpipeinc.com\/wp-content\/uploads\/2023\/11\/training-in-house-3-24x19.jpg 24w, https:\/\/www.flexpipeinc.com\/wp-content\/uploads\/2023\/11\/training-in-house-3-36x29.jpg 36w, https:\/\/www.flexpipeinc.com\/wp-content\/uploads\/2023\/11\/training-in-house-3-48x38.jpg 48w\" sizes=\"auto, (max-width: 500px) 100vw, 500px\" \/><\/figure>\n<\/div><\/div>\n<\/div>\n<\/div><\/div>\n\n\n\n<hr class=\"wp-block-separator has-alpha-channel-opacity is-style-default\"\/>\n\n\n\n<div style=\"height:48px\" aria-hidden=\"true\" class=\"wp-block-spacer\"><\/div>\n\n\n\n<div class=\"wp-block-group\"><div class=\"wp-block-group__inner-container is-layout-constrained wp-block-group-is-layout-constrained\">\n<div class=\"wp-block-columns is-layout-flex wp-container-core-columns-is-layout-9d6595d7 wp-block-columns-is-layout-flex\">\n<div class=\"wp-block-column is-layout-flow wp-block-column-is-layout-flow\"><div class=\"wp-block-image\">\n<figure class=\"alignleft size-full\"><img loading=\"lazy\" decoding=\"async\" width=\"500\" height=\"400\" src=\"https:\/\/www.flexpipeinc.com\/wp-content\/uploads\/2023\/11\/on_site_training-3.jpg\" alt=\"\" class=\"wp-image-50989\" srcset=\"https:\/\/www.flexpipeinc.com\/wp-content\/uploads\/2023\/11\/on_site_training-3.jpg 500w, https:\/\/www.flexpipeinc.com\/wp-content\/uploads\/2023\/11\/on_site_training-3-375x300.jpg 375w, https:\/\/www.flexpipeinc.com\/wp-content\/uploads\/2023\/11\/on_site_training-3-24x19.jpg 24w, https:\/\/www.flexpipeinc.com\/wp-content\/uploads\/2023\/11\/on_site_training-3-36x29.jpg 36w, https:\/\/www.flexpipeinc.com\/wp-content\/uploads\/2023\/11\/on_site_training-3-48x38.jpg 48w\" sizes=\"auto, (max-width: 500px) 100vw, 500px\" \/><\/figure>\n<\/div><\/div>\n\n\n\n<div class=\"wp-block-column is-layout-flow wp-block-column-is-layout-flow\">\n<h3 class=\"wp-block-heading has-text-align-right\">FORMATION EN ENTREPRISE<\/h3>\n\n\n\n<p class=\"has-text-align-right\"><strong>\u00c0 votre usine<\/strong><\/p>\n\n\n\n<p class=\"has-text-align-right\">Notre sp\u00e9cialiste formateur Flexpipe rend visite \u00e0 votre environnement de travail pour 2 jours afin de partager ses connaissances avec vos futurs dessinateurs et assembleurs Flexpipe.<\/p>\n\n\n\n<p class=\"has-text-align-right\">Ils pourront utiliser leurs&nbsp;<strong>comp\u00e9tences cr\u00e9atives et construire avec confiance des structures s\u00e9curitaires et r\u00e9fl\u00e9chies.<\/strong><\/p>\n\n\n\n<div class=\"wp-block-buttons is-content-justification-right is-layout-flex wp-container-core-buttons-is-layout-765c4724 wp-block-buttons-is-layout-flex\">\n<div class=\"wp-block-button\"><a class=\"wp-block-button__link has-text-align-center wp-element-button\" href=\"https:\/\/www.flexpipeinc.com\/ca_fr\/formation-sur-place\/\">FORMATION SUR PLACE<\/a><\/div>\n<\/div>\n<\/div>\n<\/div>\n<\/div><\/div>\n\n\n\n<hr class=\"wp-block-separator has-alpha-channel-opacity\"\/>\n\n\n\n<div style=\"height:48px\" aria-hidden=\"true\" class=\"wp-block-spacer\"><\/div>\n\n\n\n<div class=\"wp-block-group\"><div class=\"wp-block-group__inner-container is-layout-constrained wp-block-group-is-layout-constrained\">\n<div class=\"wp-block-columns is-layout-flex wp-container-core-columns-is-layout-9d6595d7 wp-block-columns-is-layout-flex\">\n<div class=\"wp-block-column is-layout-flow wp-block-column-is-layout-flow\">\n<h3 class=\"wp-block-heading\">FORMATION EN LIGNE GRATUITE<\/h3>\n\n\n\n<p><strong>Confortablement assis, o\u00f9 que vous soyez<\/strong><\/p>\n\n\n\n<p>Les dessinateurs et assembleurs Flexpipe apprentis plongeront dans un environnement o\u00f9 les structures modulaires abondent : m\u00eame dans la cuisine! La session en ligne, d\u2019une dur\u00e9e de 30-45 minutes, se concentre sur un sujet avec lequel vous rencontrez des difficult\u00e9s.<\/p>\n\n\n\n<p><strong>Que ce soit une question de design ou d\u2019assemblage d\u2019une pi\u00e8ce sp\u00e9cifique, nous pouvons organiser rapidement une rencontre en ligne pour r\u00e9soudre vos probl\u00e8mes.<\/strong><\/p>\n\n\n\n<div class=\"wp-block-buttons is-layout-flex wp-block-buttons-is-layout-flex\">\n<div class=\"wp-block-button\"><a class=\"wp-block-button__link wp-element-button\" href=\"https:\/\/www.flexpipeinc.com\/ca_fr\/formation-en-ligne\/\">FORMATION EN LIGNE<\/a><\/div>\n<\/div>\n<\/div>\n\n\n\n<div class=\"wp-block-column is-layout-flow wp-block-column-is-layout-flow\"><div class=\"wp-block-image\">\n<figure class=\"alignright size-full\"><img loading=\"lazy\" decoding=\"async\" width=\"500\" height=\"400\" src=\"https:\/\/www.flexpipeinc.com\/wp-content\/uploads\/2023\/11\/Web-Session-2.jpg\" alt=\"\" class=\"wp-image-50980\" srcset=\"https:\/\/www.flexpipeinc.com\/wp-content\/uploads\/2023\/11\/Web-Session-2.jpg 500w, https:\/\/www.flexpipeinc.com\/wp-content\/uploads\/2023\/11\/Web-Session-2-375x300.jpg 375w, https:\/\/www.flexpipeinc.com\/wp-content\/uploads\/2023\/11\/Web-Session-2-24x19.jpg 24w, https:\/\/www.flexpipeinc.com\/wp-content\/uploads\/2023\/11\/Web-Session-2-36x29.jpg 36w, https:\/\/www.flexpipeinc.com\/wp-content\/uploads\/2023\/11\/Web-Session-2-48x38.jpg 48w\" sizes=\"auto, (max-width: 500px) 100vw, 500px\" \/><\/figure>\n<\/div><\/div>\n<\/div>\n<\/div><\/div>\n\n\n\n<hr class=\"wp-block-separator has-alpha-channel-opacity is-style-default\"\/>\n\n\n\n<div style=\"height:48px\" aria-hidden=\"true\" class=\"wp-block-spacer\"><\/div>\n\n\n\n<div class=\"wp-block-group\"><div class=\"wp-block-group__inner-container is-layout-constrained wp-block-group-is-layout-constrained\">\n<div class=\"wp-block-columns is-layout-flex wp-container-core-columns-is-layout-9d6595d7 wp-block-columns-is-layout-flex\">\n<div class=\"wp-block-column is-layout-flow wp-block-column-is-layout-flow\"><div class=\"wp-block-image\">\n<figure class=\"alignleft size-full\"><img loading=\"lazy\" decoding=\"async\" width=\"500\" height=\"400\" src=\"https:\/\/www.flexpipeinc.com\/wp-content\/uploads\/2023\/11\/Esteban-with-participants-and-certificate-Homepage-1.jpg\" alt=\"\" class=\"wp-image-50993\" srcset=\"https:\/\/www.flexpipeinc.com\/wp-content\/uploads\/2023\/11\/Esteban-with-participants-and-certificate-Homepage-1.jpg 500w, https:\/\/www.flexpipeinc.com\/wp-content\/uploads\/2023\/11\/Esteban-with-participants-and-certificate-Homepage-1-375x300.jpg 375w, https:\/\/www.flexpipeinc.com\/wp-content\/uploads\/2023\/11\/Esteban-with-participants-and-certificate-Homepage-1-24x19.jpg 24w, https:\/\/www.flexpipeinc.com\/wp-content\/uploads\/2023\/11\/Esteban-with-participants-and-certificate-Homepage-1-36x29.jpg 36w, https:\/\/www.flexpipeinc.com\/wp-content\/uploads\/2023\/11\/Esteban-with-participants-and-certificate-Homepage-1-48x38.jpg 48w\" sizes=\"auto, (max-width: 500px) 100vw, 500px\" \/><\/figure>\n<\/div><\/div>\n\n\n\n<div class=\"wp-block-column is-layout-flow wp-block-column-is-layout-flow\">\n<h3 class=\"wp-block-heading has-text-align-right\">Obtenez une Certification avec l&rsquo;<strong>Acad\u00e9mie Lean Maker<\/strong><\/h3>\n\n\n\n<p class=\"has-text-align-right\"><strong>Certification en ligne<\/strong><\/p>\n\n\n\n<p class=\"has-text-align-right\">Devenez un expert des syst\u00e8mes modulaires avec l&rsquo;Acad\u00e9mie Lean Maker, une plateforme dynamique pour un apprentissage avanc\u00e9 en fabrication lean et conception de structures modulaires. L&rsquo;Acad\u00e9mie vous fera vivre une exp\u00e9rience d&rsquo;apprentissage compl\u00e8te et interactive en plus d\u2019offrir \u00e9galement la possibilit\u00e9 d&rsquo;obtenir une certification professionnelle. Avec une vari\u00e9t\u00e9 de cours adapt\u00e9s \u00e0 diff\u00e9rents styles d\u2019apprentissages et besoins professionnels, l&rsquo;Acad\u00e9mie Lean Maker est votre porte d&rsquo;entr\u00e9e pour approfondir votre expertise et acqu\u00e9rir des qualifications reconnues dans le domaine.<\/p>\n\n\n\n<div class=\"wp-block-buttons is-content-justification-right is-layout-flex wp-container-core-buttons-is-layout-765c4724 wp-block-buttons-is-layout-flex\">\n<div class=\"wp-block-button\"><a class=\"wp-block-button__link wp-element-button\" href=\"https:\/\/academy.flexpipeinc.com\" target=\"_blank\" rel=\"noopener\">Inscrivez-vous \u00e0 l&rsquo;Acad\u00e9mie Lean Maker<\/a><\/div>\n<\/div>\n<\/div>\n<\/div>\n<\/div><\/div>\n\n\n\n<div style=\"height:100px\" aria-hidden=\"true\" class=\"wp-block-spacer\"><\/div>\n\n\n\n<div class=\"hs-cta-embed hs-cta-simple-placeholder hs-cta-embed-194882869150\"\n  style=\"max-width:100%; max-height:100%; width:1200px;height:337.8125px\" data-hubspot-wrapper-cta-id=\"194882869150\">\n  <a href=\"https:\/\/cta-service-cms2.hubspot.com\/web-interactives\/public\/v1\/track\/redirect?encryptedPayload=AVxigLJxALz1UxNwm7rHeJMETKdwoAkgxAZDpnrbd6UaeSZNanNs193SdcEe4a2Indb1S%2FGmlMi%2BlF9nzCVqMd6m725JsyPYeTyC2kmPcMz0U7xFAPQnzBRcESIgRs%2B9C06zJ4R9VFsUrokFhPetDUYgTYjGX9bRg6Pxpu1QYJNze26Wd6rGhLSNxdwNTIUN%2F1kVyL5h7b5BFRdvaxc7y%2BvR8sNA&#038;webInteractiveContentId=194882869150&#038;portalId=2641120\" target=\"_blank\" rel=\"noopener\" crossorigin=\"anonymous\">\n    <img decoding=\"async\" alt=\"Simplifiez vos processus avec le Karakuri Kaizen T&eacute;l&eacute;chargez ce guide illustr&eacute; de 24 pages pour d&eacute;couvrir comment des dispositifs simples sans moteur ni &eacute;lectricit&eacute; peuvent r&eacute;duire les co&ucirc;ts, am&eacute;liorer la s&eacute;curit&eacute; et &eacute;liminer les gaspillages. Exemples concrets et conseils de conception inclus. &nbsp;\" loading=\"lazy\" src=\"https:\/\/no-cache.hubspot.com\/cta\/default\/2641120\/interactive-194882869150.png\" style=\"height: 100%; width: 100%; object-fit: fill\"\n      onerror=\"this.style.display='none'\" \/>\n  <\/a>\n<\/div>\n\n<\/div><\/div>\n","protected":false},"excerpt":{"rendered":"<p>Une formule, quatre options d&rsquo;apprentissage dynamiques Les sessions de formation de Flexpipe, d\u00e9sormais enrichies de quatre options dynamiques, sont con\u00e7ues pour r\u00e9pondre aux divers besoins des fabricants lean \u00e0 travers l&rsquo;Am\u00e9rique du Nord. Ces solutions d&rsquo;apprentissage compl\u00e8tes sont structur\u00e9es pour garantir une int\u00e9gration transparente du syst\u00e8me Flexpipe dans vos op\u00e9rations commerciales. FORMATION PRATIQUE GRATUITE Au &hellip; <a href=\"https:\/\/www.flexpipeinc.com\/ca_fr\/formation\/\">Continued<\/a><\/p>\n","protected":false},"author":16,"featured_media":51150,"parent":0,"menu_order":83,"comment_status":"closed","ping_status":"closed","template":"","meta":{"_acf_changed":false,"_eb_attr":"","content-type":"","inline_featured_image":false,"sfsi_plus_gutenberg_text_before_share":"","sfsi_plus_gutenberg_show_text_before_share":"","sfsi_plus_gutenberg_icon_type":"","sfsi_plus_gutenberg_icon_alignemt":"","sfsi_plus_gutenburg_max_per_row":"","_eb_data_table":"","cybocfi_hide_featured_image":"","yasr_overall_rating":0,"yasr_post_is_review":"","yasr_auto_insert_disabled":"","yasr_review_type":"","footnotes":""},"class_list":["post-13986","page","type-page","status-publish","has-post-thumbnail","hentry"],"acf":[],"yasr_visitor_votes":{"stars_attributes":{"read_only":false,"span_bottom":false},"number_of_votes":0,"sum_votes":0},"amp_enabled":true,"_links":{"self":[{"href":"https:\/\/www.flexpipeinc.com\/ca_fr\/wp-json\/wp\/v2\/pages\/13986","targetHints":{"allow":["GET"]}}],"collection":[{"href":"https:\/\/www.flexpipeinc.com\/ca_fr\/wp-json\/wp\/v2\/pages"}],"about":[{"href":"https:\/\/www.flexpipeinc.com\/ca_fr\/wp-json\/wp\/v2\/types\/page"}],"author":[{"embeddable":true,"href":"https:\/\/www.flexpipeinc.com\/ca_fr\/wp-json\/wp\/v2\/users\/16"}],"replies":[{"embeddable":true,"href":"https:\/\/www.flexpipeinc.com\/ca_fr\/wp-json\/wp\/v2\/comments?post=13986"}],"version-history":[{"count":0,"href":"https:\/\/www.flexpipeinc.com\/ca_fr\/wp-json\/wp\/v2\/pages\/13986\/revisions"}],"wp:featuredmedia":[{"embeddable":true,"href":"https:\/\/www.flexpipeinc.com\/ca_fr\/wp-json\/wp\/v2\/media\/51150"}],"wp:attachment":[{"href":"https:\/\/www.flexpipeinc.com\/ca_fr\/wp-json\/wp\/v2\/media?parent=13986"}],"curies":[{"name":"wp","href":"https:\/\/api.w.org\/{rel}","templated":true}]}}