{"id":21985,"date":"2020-09-15T16:18:41","date_gmt":"2020-09-15T20:18:41","guid":{"rendered":"https:\/\/www.flexpipeinc.com\/lean-manufacturing-partnership\/"},"modified":"2023-09-08T14:02:45","modified_gmt":"2023-09-08T18:02:45","slug":"partenariat-lean-manufacturing","status":"publish","type":"page","link":"https:\/\/www.flexpipeinc.com\/ca_fr\/partenariat-lean-manufacturing\/","title":{"rendered":"Partenariat Lean Manufacturing"},"content":{"rendered":"<p style=\"text-align: justify;\">Nous nous associons avec des firmes de consultants r\u00e9put\u00e9es ou des consultants individuels qui promeuvent le <strong>Lean Manufacturing et Six Sigma.<\/strong> Notre objectif pour nos clients est de r\u00e9aliser des projets d&rsquo;am\u00e9lioration continue ou de leur donner les moyens de le faire &#8211; avec une solution simple.<\/p>\n<p style=\"text-align: justify;\">Nous cherchons toujours \u00e0 travailler avec des consultants lean exp\u00e9riment\u00e9s, qui pensent qu&rsquo;impliquer les ouvriers dans la d\u00e9marche lean est la cl\u00e9 du succ\u00e8s.<\/p>\n<p style=\"text-align: justify;\">Si vous pensez qu&rsquo;un syst\u00e8me de manutention modulaire est n\u00e9cessaire pour le parcours de fabrication all\u00e9g\u00e9e de votre client, nous offrons une compensation directement \u00e0 votre entreprise ou directement \u00e0 votre r\u00e9f\u00e9rence. Nous pouvons \u00e9galement effectuer des services sp\u00e9cialis\u00e9s tels que des formations pratiques suite \u00e0 vos interventions et formations.<\/p>\n<p style=\"text-align: justify;\"><strong>Voici quelques examples de r\u00e9alisations :<\/strong><\/p>\n<p><a href=\"https:\/\/www.flexpipeinc.com\/ca_fr\/etude-cas\/employe-maintenance-influence-productivite-pme\/\" rel=\"noopener noreferrer\"><img loading=\"lazy\" decoding=\"async\" class=\"alignnone\" src=\"https:\/\/www.flexpipeinc.com\/wp-content\/uploads\/2019\/05\/medicus-fabrication-plant-flow-racks.jpg\" alt=\"Ligne d'assemblage en \u00abOne-Piece-Flow\u00bb chez Medicus\" width=\"673\" height=\"397\" \/><\/a><\/p>\n<p><a href=\"https:\/\/www.flexpipeinc.com\/ca_fr\/etude-cas\/employe-maintenance-influence-productivite-pme\/\" target=\"_blank\" rel=\"noopener noreferrer\">Ligne d&rsquo;assemblage en \u00abOne-Piece-Flow\u00bb chez Medicus<\/a><\/p>\n<p><a href=\"https:\/\/www.flexpipeinc.com\/ca_fr\/etude-cas\/comment-cogego-rentabilise-operations-integrant-principes-lean\/\" target=\"_blank\" rel=\"noopener noreferrer\"><img loading=\"lazy\" decoding=\"async\" class=\"alignnone\" src=\"https:\/\/www.flexpipeinc.com\/wp-content\/uploads\/2018\/02\/modular-structures-lean-warehouse.jpg\" alt=\"\nStructures modulaires dans un nouvel entrep\u00f4t \u00abLean\u00bb\" width=\"673\" height=\"506\" \/><\/a><\/p>\n<p><a href=\"https:\/\/www.flexpipeinc.com\/ca_fr\/etude-cas\/comment-cogego-rentabilise-operations-integrant-principes-lean\/\" target=\"_blank\" rel=\"noopener noreferrer\">Racks \u00e0 gravit\u00e9 optimisant la zone de r\u00e9ception<\/a><\/p>\n<p><a href=\"https:\/\/www.flexpipeinc.com\/ca_fr\/etude-cas\/safran-economise-40-sur-structures-de-travail\/\" target=\"_blank\" rel=\"noopener noreferrer\"><img loading=\"lazy\" decoding=\"async\" class=\"alignnone\" src=\"https:\/\/www.flexpipeinc.com\/wp-content\/uploads\/2017\/02\/safran-tool-box-before-after.jpg\" alt=\"Outillage de point d'utilisation 5S chez Safran\" width=\"672\" height=\"289\" \/><\/a><\/p>\n<p><a href=\"https:\/\/www.flexpipeinc.com\/ca_fr\/etude-cas\/safran-economise-40-sur-structures-de-travail\/\" target=\"_blank\" rel=\"noopener noreferrer\">Outillage de point d&rsquo;utilisation 5S chez Safran<\/a><\/p>\n<h3><a href=\"https:\/\/www.flexpipeinc.com\/ca_fr\/etude-cas\/\" target=\"_blank\" rel=\"noopener noreferrer\">VOIR PLUS D&rsquo;EXEMPLES<\/a><\/h3>\n<hr \/>\n<p>&nbsp;<\/p>\n<p><strong>Voici ce que nous offrons en tant que partenaires :<\/strong><\/p>\n<ul>\n<li>Une compensation pour votre organisation ou une r\u00e9duction pour votre client, selon votre choix.<\/li>\n<li>Formation gratuite pour vous ou vos clients pour une transformation Lean (formation \u00e0 l&rsquo;assemblage et \u00e0 la conception).\n<\/li>\n<li>Des conceptions gratuites (2) pour vos clients qui entrent dans un parcours Lean (assemblage et formation \u00e0 la conception).\n<\/li>\n<li>Partage de contenu et exposition au sein de notre base de donn\u00e9es de 24 000 ing\u00e9nieurs de fabrication et directeurs d&rsquo;exploitation.\n<\/li>\n<\/ul>\n<p style=\"text-align: justify;\">Nous sommes situ\u00e9s \u00e0 Atlanta, GA \/ Los Angeles, CA, \/ Montr\u00e9al, QC.<\/p>\n<p style=\"text-align: justify;\">Nous serions plus que ravis de vous fournir des t\u00e9moignages d\u2019autres partenaires ou clients, parce que nous connaissons l\u2019importance de la r\u00e9putation d\u2019une entreprise.<\/p>\n<p style=\"text-align: justify;\">Pour de plus amples informations, contactez Sylvain Lejour, co-fondateur de Flexpipe. Cell 514-928-5357 \/ <a href=\"mailto:slejour@flexpipeinc.com\" target=\"_blank\" rel=\"noopener noreferrer\">slejour@flexpipeinc.com<\/a><\/p>\n","protected":false},"excerpt":{"rendered":"<p>Nous nous associons avec des firmes de consultants r\u00e9put\u00e9es ou des consultants individuels qui promeuvent le Lean Manufacturing et Six Sigma. Notre objectif pour nos clients est de r\u00e9aliser des projets d&rsquo;am\u00e9lioration continue ou de leur donner les moyens de le faire &#8211; avec une solution simple. Nous cherchons toujours \u00e0 travailler avec des consultants &hellip; <a href=\"https:\/\/www.flexpipeinc.com\/ca_fr\/partenariat-lean-manufacturing\/\">Continued<\/a><\/p>\n","protected":false},"author":16,"featured_media":0,"parent":0,"menu_order":63,"comment_status":"closed","ping_status":"closed","template":"templates\/template-default.php","meta":{"_acf_changed":false,"_eb_attr":"","content-type":"","inline_featured_image":false,"sfsi_plus_gutenberg_text_before_share":"","sfsi_plus_gutenberg_show_text_before_share":"","sfsi_plus_gutenberg_icon_type":"","sfsi_plus_gutenberg_icon_alignemt":"","sfsi_plus_gutenburg_max_per_row":"","_eb_data_table":"","cybocfi_hide_featured_image":"","yasr_overall_rating":0,"yasr_post_is_review":"","yasr_auto_insert_disabled":"","yasr_review_type":"","footnotes":""},"class_list":["post-21985","page","type-page","status-publish","hentry"],"acf":[],"yasr_visitor_votes":{"stars_attributes":{"read_only":false,"span_bottom":false},"number_of_votes":0,"sum_votes":0},"amp_enabled":false,"_links":{"self":[{"href":"https:\/\/www.flexpipeinc.com\/ca_fr\/wp-json\/wp\/v2\/pages\/21985","targetHints":{"allow":["GET"]}}],"collection":[{"href":"https:\/\/www.flexpipeinc.com\/ca_fr\/wp-json\/wp\/v2\/pages"}],"about":[{"href":"https:\/\/www.flexpipeinc.com\/ca_fr\/wp-json\/wp\/v2\/types\/page"}],"author":[{"embeddable":true,"href":"https:\/\/www.flexpipeinc.com\/ca_fr\/wp-json\/wp\/v2\/users\/16"}],"replies":[{"embeddable":true,"href":"https:\/\/www.flexpipeinc.com\/ca_fr\/wp-json\/wp\/v2\/comments?post=21985"}],"version-history":[{"count":0,"href":"https:\/\/www.flexpipeinc.com\/ca_fr\/wp-json\/wp\/v2\/pages\/21985\/revisions"}],"wp:attachment":[{"href":"https:\/\/www.flexpipeinc.com\/ca_fr\/wp-json\/wp\/v2\/media?parent=21985"}],"curies":[{"name":"wp","href":"https:\/\/api.w.org\/{rel}","templated":true}]}}