{"id":25329,"date":"2021-02-23T11:33:28","date_gmt":"2021-02-23T16:33:28","guid":{"rendered":"https:\/\/www.flexpipeinc.com\/?page_id=25329"},"modified":"2025-10-24T15:23:47","modified_gmt":"2025-10-24T19:23:47","slug":"service-de-coupe","status":"publish","type":"page","link":"https:\/\/www.flexpipeinc.com\/ca_fr\/service-de-coupe\/","title":{"rendered":"Service de coupe de mat\u00e9riaux"},"content":{"rendered":"<p><img loading=\"lazy\" decoding=\"async\" class=\"alignnone size-full wp-image-25321\" src=\"https:\/\/www.flexpipeinc.com\/wp-content\/uploads\/2021\/02\/flexpipe-cutting-pipes-814.jpg\" alt=\"Flexpipe linear cut service\" width=\"814\" height=\"586\" srcset=\"https:\/\/www.flexpipeinc.com\/wp-content\/uploads\/2021\/02\/flexpipe-cutting-pipes-814.jpg 814w, https:\/\/www.flexpipeinc.com\/wp-content\/uploads\/2021\/02\/flexpipe-cutting-pipes-814-768x553.jpg 768w, https:\/\/www.flexpipeinc.com\/wp-content\/uploads\/2021\/02\/flexpipe-cutting-pipes-814-375x270.jpg 375w, https:\/\/www.flexpipeinc.com\/wp-content\/uploads\/2021\/02\/flexpipe-cutting-pipes-814-24x17.jpg 24w, https:\/\/www.flexpipeinc.com\/wp-content\/uploads\/2021\/02\/flexpipe-cutting-pipes-814-36x26.jpg 36w, https:\/\/www.flexpipeinc.com\/wp-content\/uploads\/2021\/02\/flexpipe-cutting-pipes-814-48x35.jpg 48w\" sizes=\"auto, (max-width: 814px) 100vw, 814px\" \/><\/p>\n<h2>Faites plus avec moins! Obtenez votre mat\u00e9riel coup\u00e9 \u00e0 un tarif avantageux<\/h2>\n<p style=\"text-align: justify;\">Vous n&rsquo;avez pas les outils n\u00e9cessaires \u00e0 l&rsquo;interne pour effectuer la coupe de votre mat\u00e9riel Flexpipe? Le volume de commande n&rsquo;est pas assez important pour justifier l&rsquo;achat d&rsquo;un banc de scie? C&rsquo;est l&rsquo;occasion de profiter de notre service de coupe sur mesure.<\/p>\n<h3>Une coupe rapide et minutieuse sur demande<\/h3>\n<p style=\"text-align: justify;\">Chaque morceau coup\u00e9 est soigneusement identifi\u00e9 et emball\u00e9 afin de vous simplifier la t\u00e2che. Nous coupons votre mat\u00e9riel en fonction de votre liste de coupe. Suivez les instructions ci-dessous pour conna\u00eetre les \u00e9tapes \u00e0 suivre.<\/p>\n<h2><\/h2>\n<h2>Comment \u00e7a fonctionne?<\/h2>\n<p style=\"text-align: justify;\">Une coupe lin\u00e9aire, et une coupe de surface vous est offert, selon vos besoins. Suivez les \u00e9tapes suivantes pour d\u00e9buter :<\/p>\n<h3>Commande en ligne<\/h3>\n<p>Pour commander en ligne, vous pouvez utiliser notre <a href=\"https:\/\/shop.flexpipeinc.com\/ca_fr\/cut\/optimizer\/\" target=\"_blank\" rel=\"noopener\">Optimiseur de coupe gratuit<\/a>\u00a0OU :<\/p>\n<ol style=\"padding-left: 25px;\">\n<li style=\"padding-left: 25px;\">Naviguez dans la boutique en ligne et s\u00e9lectionnez le produit que vous souhaitez avoir coup\u00e9.<\/li>\n<li style=\"padding-left: 25px;\">Si le service est disponible pour ce produit, le bouton \u00ab\u00a0UTILISEZ NOTRE SERVICE DE COUPE\u00a0\u00bb sera affich\u00e9 dans la colonne de droite. Cliquez sur ce bouton.<\/li>\n<li style=\"padding-left: 25px;\">Utilisez l&rsquo;outil d&rsquo;optimisation de coupes pour entrer les dimensions et la quantit\u00e9 de coupes n\u00e9cessaires. Une fois termin\u00e9, vous pourrez t\u00e9l\u00e9charger le PDF de votre liste de coupe et l&rsquo;ajouter \u00e0 votre panier en ligne. La quantit\u00e9 correspondante de coupes et de pi\u00e8ces n\u00e9cessaires sera ajout\u00e9e \u00e0 votre panier.<\/li>\n<li style=\"padding-left: 25px;\">R\u00e9p\u00e9tez les \u00e9tapes ci-dessus si vous avez plus d&rsquo;un produit \u00e0 couper et passez \u00e0 la caisse une fois termin\u00e9 !<\/li>\n<\/ol>\n<h3>Commande par courriel<\/h3>\n<ol>\n<li>Veuillez compl\u00e9ter votre liste de mat\u00e9riel ou utiliser le <a href=\"https:\/\/www.flexpipeinc.com\/wp-content\/uploads\/2021\/01\/FLEXPIPE-CUT-LIST-TEMPLATE.xlsx\" target=\"_blank\" rel=\"noopener\"><strong>gabarit Excel Flexpipe.<\/strong><\/a><\/li>\n<li>Si vous choisissez d&rsquo;utiliser le gabarit, veuillez indiquer les pi\u00e8ces et les dimensions de vos coupes.<\/li>\n<li>Envoyer votre liste de mat\u00e9riel ou votre gabarit compl\u00e9t\u00e9 \u00e0 <a href=\"mailto: order@flexpipeinc.com\">order@flexpipeinc.com<\/a> avec votre <strong>num\u00e9ro de commande Flexpipe.<\/strong><\/li>\n<\/ol>\n<h3>D\u00e9lai de traitement des commandes<\/h3>\n<p>Vos coupes seront exp\u00e9di\u00e9es sous 5 \u00e0 10 jours. Contactez le service client pour un d\u00e9lai acc\u00e9l\u00e9r\u00e9.<\/p>\n<h3>4 moyens faciles de d\u00e9terminer votre liste de coupe<\/h3>\n<ol>\n<li><strong>Optimiseur de coupe en ligne Flexpipe:<\/strong> Afin de maximiser vos coupes, nous avons d\u00e9velopp\u00e9 un <a href=\"https:\/\/shop.flexpipeinc.com\/ca_fr\/cut\/optimizer\/\" target=\"_blank\" rel=\"noopener\">optimiseur de coupe en ligne gratuit<\/a>. Cet outil vous permet de calculer les longueurs de coupe ainsi que les quantit\u00e9s, tout en minimisant les pertes de mat\u00e9riels ind\u00e9sirables.<\/li>\n<li><strong>Flexpipe Creator:<\/strong> Saviez-vous que le logiciel de dessin <a href=\"https:\/\/www.flexpipeinc.com\/ca_fr\/creator\/installation\/\" target=\"_blank\" rel=\"noopener\">SketchUp 3D<\/a> permet de t\u00e9l\u00e9charger un fichier de coupe (BOM) lorsque vous avez termin\u00e9 votre conception?<\/li>\n<li><strong>Manuellement:<\/strong> Indiquez simplement votre liste de coupe souhait\u00e9e dans un fichier (Excel, Word, PDF, etc.) en vous inspirant du <a href=\"https:\/\/www.flexpipeinc.com\/wp-content\/uploads\/2021\/01\/FLEXPIPE-CUT-LIST-TEMPLATE.xlsx\" target=\"_blank\" rel=\"noopener\">gabarit Flexpipe<\/a>.<\/li>\n<li><strong>Galerie photo Flexpipe:<\/strong> Nous offrons des <a href=\"https:\/\/www.flexpipeinc.com\/ca_fr\/?page_id=52730\" target=\"_blank\" rel=\"noopener\">plans gratuits<\/a> \u00e0 travers notre galerie photo en ligne. Cliquez sur le bouton <em>Obtenir le plan<\/em> pour acc\u00e9der aux instructions d&rsquo;assemblage \u00e9tape par \u00e9tape et \u00e0 la liste de coupe des mat\u00e9riaux Flexpipe du projet visualis\u00e9.<\/li>\n<\/ol>\n<p><img loading=\"lazy\" decoding=\"async\" class=\"alignnone size-full wp-image-25302\" src=\"https:\/\/www.flexpipeinc.com\/wp-content\/uploads\/2021\/02\/flexpipe-cut-service-814.jpg\" alt=\"Flexpipe cutting service\" width=\"814\" height=\"611\" srcset=\"https:\/\/www.flexpipeinc.com\/wp-content\/uploads\/2021\/02\/flexpipe-cut-service-814.jpg 814w, https:\/\/www.flexpipeinc.com\/wp-content\/uploads\/2021\/02\/flexpipe-cut-service-814-768x576.jpg 768w, https:\/\/www.flexpipeinc.com\/wp-content\/uploads\/2021\/02\/flexpipe-cut-service-814-375x281.jpg 375w, https:\/\/www.flexpipeinc.com\/wp-content\/uploads\/2021\/02\/flexpipe-cut-service-814-24x18.jpg 24w, https:\/\/www.flexpipeinc.com\/wp-content\/uploads\/2021\/02\/flexpipe-cut-service-814-36x27.jpg 36w, https:\/\/www.flexpipeinc.com\/wp-content\/uploads\/2021\/02\/flexpipe-cut-service-814-48x36.jpg 48w\" sizes=\"auto, (max-width: 814px) 100vw, 814px\" \/><\/p>\n<p>&nbsp;<\/p>\n<h2>Pi\u00e8ces \u00e9ligibles et tarif<\/h2>\n<h3 style=\"text-align: justify;\"><strong>Pour les coupes lin\u00e9aires<\/strong><\/h3>\n<p>Tous les <a href=\"https:\/\/shop.flexpipeinc.com\/ca_fr\/tubes\" target=\"_blank\" rel=\"noopener\">tubes Flexpipe<\/a><\/p>\n<ul>\n<li>2,28$ pour 1 \u00e0 75 coupes<\/li>\n<li>1,78$ pour 76 \u00e0 200 coupes<\/li>\n<li>1,02$ pour 201 \u00e0 499 coupes<\/li>\n<li>0,76$ pour 500 coupes et plus<\/li>\n<\/ul>\n<p>Les extrusions d&rsquo;aluminium <a href=\"https:\/\/shop.flexpipeinc.com\/ca_fr\/usm-aluminium-u-12\" target=\"_blank\" rel=\"noopener\">USM<\/a> et <a href=\"https:\/\/shop.flexpipeinc.com\/ca_fr\/lsm-aluminium-l-12\" target=\"_blank\" rel=\"noopener\">LSM<\/a><br \/>\nLes guides et rails de convoyeurs <a href=\"https:\/\/shop.flexpipeinc.com\/ca_fr\/r40-rt96-rail-de-convoyeur-acier-8-esd\" target=\"_blank\" rel=\"noopener\">R40-RT96<\/a> \/ <a href=\"https:\/\/shop.flexpipeinc.com\/ca_fr\/r85-rt96-rail-de-convoyeur-large-en-acier-8-esd\" target=\"_blank\" rel=\"noopener\">R85-RT96<\/a> \/ <a href=\"https:\/\/shop.flexpipeinc.com\/ca_fr\/r40-guide-guide-plastique-8-lateral\" target=\"_blank\" rel=\"noopener\">R40-GUIDE<\/a> \/ <a href=\"https:\/\/shop.flexpipeinc.com\/ca_fr\/r40-cguide-guide-plastique-8-central\" target=\"_blank\" rel=\"noopener\">R40-CGUIDE<\/a> \/ <a href=\"https:\/\/shop.flexpipeinc.com\/ca_fr\/r40-sguide-guide-plastique-8-droit\" target=\"_blank\" rel=\"noopener\">R40-SGUIDE<\/a><\/p>\n<ul>\n<li>3,05$ pour 1 \u00e0 75 coupes<\/li>\n<li>2,54$ pour 76 \u00e0 200 coupes<\/li>\n<li>1,78$ pour 201 \u00e0 499 coupes<\/li>\n<li>1,52$ pour 500 coupes et plus<\/li>\n<\/ul>\n<h3 style=\"text-align: justify;\"><strong>Pour les coupes de surfaces<\/strong><\/h3>\n<p>Toutes les surfaces en HDPE : <a href=\"https:\/\/shop.flexpipeinc.com\/ca_fr\/d-hdpew-481-2-plastique-hdpe-blanc-1-2\" target=\"_blank\" rel=\"noopener\">D-HDPEW-4812<\/a> \/ <a href=\"https:\/\/shop.flexpipeinc.com\/ca_fr\/d-hdpew-481-4-plastique-hdpe-blanc-1-4\" target=\"_blank\" rel=\"noopener\">D-HDPEW-4814<\/a> \/ <a href=\"https:\/\/shop.flexpipeinc.com\/ca_fr\/d-hdpeb-481-2-plastique-hdpe-noir-1-2\" target=\"_blank\" rel=\"noopener\">D-HDPEB-4812<\/a> \/ <a href=\"https:\/\/shop.flexpipeinc.com\/ca_fr\/d-hdpeb-481-4-plastique-hdpe-noir-1-4\" target=\"_blank\" rel=\"noopener\">D-HDPEB-4814<\/a><br \/>\nPanneau perfor\u00e9 en HDPE (Pegboard): <a href=\"https:\/\/shop.flexpipeinc.com\/ca_fr\/d-pegw-481-4-peg-board-hdpe-blanc-1-4\" target=\"_blank\" rel=\"noopener\">D-PEGW-4814<\/a><br \/>\nFeuille d&rsquo;acrylique en thermoplastique (Plexiglass\u00ae): <a href=\"https:\/\/shop.flexpipeinc.com\/ca_fr\/d-plexy-1-8-acrylic-sheet-48x96x1-8\" target=\"_blank\" rel=\"noopener\">D-PLEXY-1\/8<\/a><br \/>\nSurface de composite d&rsquo;aluminum (KomAlu\u00ae): <a href=\"https:\/\/shop.flexpipeinc.com\/ca_fr\/d-aluw-481-8-komalu-1-8-blanc\" target=\"_blank\" rel=\"noopener\">D-ALUW-4818<\/a><\/p>\n<ul>\n<li>Tarif fixe de 8,12$ par coupe<\/li>\n<\/ul>\n<h3>Informations additionnelles<\/h3>\n<ul>\n<li>Vous d\u00e9sirez conserver vos retailles? Avisez-nous et nous vous les enverrons en m\u00eame temps que votre commande.<\/li>\n<li>Vous avez besoin d&rsquo;assistance? N&rsquo;h\u00e9sitez pas \u00e0 communiquer avec nous \u00e0 l&rsquo;adresse <a href=\"mailto: order@flexpipeinc.com\">order@flexpipeinc.com<\/a>!<\/li>\n<\/ul>\n<p><img loading=\"lazy\" decoding=\"async\" class=\"alignnone size-full wp-image-25325\" src=\"https:\/\/www.flexpipeinc.com\/wp-content\/uploads\/2021\/02\/flexpipe-decking-cut-service.jpg\" alt=\"Flexpipe decking cut service\" width=\"814\" height=\"669\" srcset=\"https:\/\/www.flexpipeinc.com\/wp-content\/uploads\/2021\/02\/flexpipe-decking-cut-service.jpg 814w, https:\/\/www.flexpipeinc.com\/wp-content\/uploads\/2021\/02\/flexpipe-decking-cut-service-768x631.jpg 768w, https:\/\/www.flexpipeinc.com\/wp-content\/uploads\/2021\/02\/flexpipe-decking-cut-service-375x308.jpg 375w, https:\/\/www.flexpipeinc.com\/wp-content\/uploads\/2021\/02\/flexpipe-decking-cut-service-24x20.jpg 24w, https:\/\/www.flexpipeinc.com\/wp-content\/uploads\/2021\/02\/flexpipe-decking-cut-service-36x30.jpg 36w, https:\/\/www.flexpipeinc.com\/wp-content\/uploads\/2021\/02\/flexpipe-decking-cut-service-48x39.jpg 48w\" sizes=\"auto, (max-width: 814px) 100vw, 814px\" \/><\/p>\n<div class=\"hs-cta-embed hs-cta-simple-placeholder hs-cta-embed-194885758631\"\n  style=\"max-width:100%; max-height:100%; width:1000px;height:318.625px\" data-hubspot-wrapper-cta-id=\"194885758631\"><br \/>\n  <a href=\"https:\/\/cta-service-cms2.hubspot.com\/web-interactives\/public\/v1\/track\/redirect?encryptedPayload=AVxigLJqoD35qhkFIFpa%2Fbqp8QcViNonXk8CxT%2FJVL1u5PCOfQBa1FeczlJ7fpBjDtHkm1xOIYjjiqrOEd9i00YfS%2BaNiJ0uyUTJQWMFGSqETa%2Fgxz0dnfplYomytYwCC2ScpZ4kRXHuIyauZsl7pSB94hPFOR%2FtRQVSQZUchhtYbZsQLftWqmrIibTsuAazMYktxwfN2UeAtsrlWz5cYEpVy%2B0RbBMGopA%2F&#038;webInteractiveContentId=194885758631&#038;portalId=2641120\" target=\"_blank\" rel=\"noopener\" crossorigin=\"anonymous\"><br \/>\n    <img decoding=\"async\" alt=\"L&rsquo;affiche indispensable pour tous vos assemblages Flexpipe Demandez cette affiche imprim&eacute;e pour rep&eacute;rer tous les tubes, raccords et accessoires. Parfaite &agrave; garder pr&egrave;s de votre crib, chariot ou poste d&rsquo;assemblage. &nbsp;\" loading=\"lazy\" src=\"https:\/\/no-cache.hubspot.com\/cta\/default\/2641120\/interactive-194885758631.png\" style=\"height: 100%; width: 100%; object-fit: fill\"\n      onerror=\"this.style.display='none'\" \/><br \/>\n  <\/a>\n<\/div>\n","protected":false},"excerpt":{"rendered":"<p>Faites plus avec moins! Obtenez votre mat\u00e9riel coup\u00e9 \u00e0 un tarif avantageux Vous n&rsquo;avez pas les outils n\u00e9cessaires \u00e0 l&rsquo;interne pour effectuer la coupe de votre mat\u00e9riel Flexpipe? Le volume de commande n&rsquo;est pas assez important pour justifier l&rsquo;achat d&rsquo;un banc de scie? C&rsquo;est l&rsquo;occasion de profiter de notre service de coupe sur mesure. Une &hellip; <a href=\"https:\/\/www.flexpipeinc.com\/ca_fr\/service-de-coupe\/\">Continued<\/a><\/p>\n","protected":false},"author":16,"featured_media":52625,"parent":0,"menu_order":49,"comment_status":"closed","ping_status":"closed","template":"templates\/template-default.php","meta":{"_acf_changed":false,"_eb_attr":"","content-type":"","inline_featured_image":false,"sfsi_plus_gutenberg_text_before_share":"","sfsi_plus_gutenberg_show_text_before_share":"","sfsi_plus_gutenberg_icon_type":"","sfsi_plus_gutenberg_icon_alignemt":"","sfsi_plus_gutenburg_max_per_row":"","_eb_data_table":"","cybocfi_hide_featured_image":"","yasr_overall_rating":0,"yasr_post_is_review":"","yasr_auto_insert_disabled":"","yasr_review_type":"","footnotes":""},"class_list":["post-25329","page","type-page","status-publish","has-post-thumbnail","hentry"],"acf":[],"yasr_visitor_votes":{"stars_attributes":{"read_only":false,"span_bottom":false},"number_of_votes":0,"sum_votes":0},"amp_enabled":false,"_links":{"self":[{"href":"https:\/\/www.flexpipeinc.com\/ca_fr\/wp-json\/wp\/v2\/pages\/25329","targetHints":{"allow":["GET"]}}],"collection":[{"href":"https:\/\/www.flexpipeinc.com\/ca_fr\/wp-json\/wp\/v2\/pages"}],"about":[{"href":"https:\/\/www.flexpipeinc.com\/ca_fr\/wp-json\/wp\/v2\/types\/page"}],"author":[{"embeddable":true,"href":"https:\/\/www.flexpipeinc.com\/ca_fr\/wp-json\/wp\/v2\/users\/16"}],"replies":[{"embeddable":true,"href":"https:\/\/www.flexpipeinc.com\/ca_fr\/wp-json\/wp\/v2\/comments?post=25329"}],"version-history":[{"count":0,"href":"https:\/\/www.flexpipeinc.com\/ca_fr\/wp-json\/wp\/v2\/pages\/25329\/revisions"}],"wp:featuredmedia":[{"embeddable":true,"href":"https:\/\/www.flexpipeinc.com\/ca_fr\/wp-json\/wp\/v2\/media\/52625"}],"wp:attachment":[{"href":"https:\/\/www.flexpipeinc.com\/ca_fr\/wp-json\/wp\/v2\/media?parent=25329"}],"curies":[{"name":"wp","href":"https:\/\/api.w.org\/{rel}","templated":true}]}}