{"id":41928,"date":"2022-12-08T11:30:50","date_gmt":"2022-12-08T16:30:50","guid":{"rendered":"https:\/\/www.flexpipeinc.com\/?page_id=41928"},"modified":"2024-11-06T14:04:07","modified_gmt":"2024-11-06T19:04:07","slug":"ouvrir-un-compte-flexpipe","status":"publish","type":"page","link":"https:\/\/www.flexpipeinc.com\/ca_fr\/ouvrir-un-compte-flexpipe\/","title":{"rendered":"Ouvrir un compte Flexpipe"},"content":{"rendered":"<section class=\"section--magento section--categories\">\n<div class=\"section__head\">\n<div class=\"typography\">\n<h1 class=\"h1\">Ouvrir un compte Flexpipe<\/h1>\n<hr style=\"background-color: transparent;\" \/>\n<\/div>\n<div class=\"typography\">\n<h2 class=\"h2\">Je veux ouvrir un compte avec paiement \u00e0 terme?<\/h2>\n<p>Compl\u00e9ter ce <strong><a href=\"https:\/\/2641120.fs1.hubspotusercontent-na1.net\/hubfs\/2641120\/account%20opening\/Formulaire%20nouveau%20client%20rev%20sept2022.pdf\" target=\"_blank\" rel=\"noopener\">formulaire PDF<\/a><\/strong> et l&rsquo;envoyer \u00e0 <a href=\"mailto:accountopening@flexpipeinc.com\">accountopening@flexpipeinc.com <\/a>.<br \/>\nMerci d&rsquo;inclure votre <strong>Exemption de taxes<\/strong>\u00a0si vous avez d&rsquo;autres documents pertinents \u00e0 compl\u00e9ter, merci de les transmettre au m\u00eame moment.<br \/>\nNous vous invitons aussi \u00e0 cr\u00e9er un compte pour placer votre commande et visualiser le statut de celle-ci, les frais de transport et vos commandes pr\u00e9c\u00e9dentes.<\/p>\n<\/div>\n<hr style=\"background-color: transparent;\" \/>\n<p><strong>J&rsquo;ai transmis mon formulaire PDF, maintenant je veux<\/strong><br \/>\n<a class=\"btn--primary\" href=\"https:\/\/shop.flexpipeinc.com\/ca_fr\/customer\/account\/create\/\" target=\"_blank\" rel=\"noopener\">Cr\u00e9er un nouveau compte<\/a><\/p>\n<hr style=\"background-color: transparent;\" \/>\n<div class=\"typography\">\n<h2 class=\"h2\">Je veux placer une commande en ligne avec une carte de cr\u00e9dit?<\/h2>\n<p>Cr\u00e9er un nouveau compte en ligne et aller \u00e0 la boutique.<br \/>\nMerci de transmettre votre <strong>Exemption de taxes <\/strong>\u00e0\u00a0<a href=\"mailto:accountopening@flexpipeinc.com\">accountopening@flexpipeinc.com<\/a>.<br \/>\nVous pouvez t\u00e9l\u00e9charger notre <strong><a href=\"https:\/\/2641120.fs1.hubspotusercontent-na1.net\/hubfs\/2641120\/account%20opening\/W-8BEN-E.pdf\" target=\"_blank\" rel=\"noopener\">documentation W-8BEN-E<\/a><\/strong>.<\/p>\n<\/div>\n<hr style=\"background-color: transparent;\" \/>\n<p><a class=\"btn--primary\" href=\"https:\/\/shop.flexpipeinc.com\/ca_fr\/customer\/account\/create\/\" target=\"_blank\" rel=\"noopener\">Cr\u00e9er un nouveau compte<\/a><\/p>\n<hr style=\"background-color: transparent;\" \/>\n<p>Si vous avez des question ou souhaitez v\u00e9rifier si vous avez d\u00e9j\u00e0 un compte avec nous, contactez <a href=\"mailto:accountopening@flexpipeinc.com\">accountopening@flexpipeinc.com<\/a>\u00a0ou le charg\u00e9 de projet de votre r\u00e9gion.<\/p>\n<p>Veuillez prendre note que le d\u00e9lai de traitement de vos documents peut prendre jusqu&rsquo;\u00e0 2 jours ouvrables.<\/p>\n<\/div>\n<\/section>\n","protected":false},"excerpt":{"rendered":"<p>Ouvrir un compte Flexpipe Je veux ouvrir un compte avec paiement \u00e0 terme? Compl\u00e9ter ce formulaire PDF et l&rsquo;envoyer \u00e0 accountopening@flexpipeinc.com . Merci d&rsquo;inclure votre Exemption de taxes\u00a0si vous avez d&rsquo;autres documents pertinents \u00e0 compl\u00e9ter, merci de les transmettre au m\u00eame moment. Nous vous invitons aussi \u00e0 cr\u00e9er un compte pour placer votre commande et &hellip; <a href=\"https:\/\/www.flexpipeinc.com\/ca_fr\/ouvrir-un-compte-flexpipe\/\">Continued<\/a><\/p>\n","protected":false},"author":16,"featured_media":0,"parent":0,"menu_order":0,"comment_status":"closed","ping_status":"closed","template":"templates\/template-blank.php","meta":{"_acf_changed":false,"_eb_attr":"","content-type":"","inline_featured_image":false,"sfsi_plus_gutenberg_text_before_share":"","sfsi_plus_gutenberg_show_text_before_share":"","sfsi_plus_gutenberg_icon_type":"","sfsi_plus_gutenberg_icon_alignemt":"","sfsi_plus_gutenburg_max_per_row":"","_eb_data_table":"","cybocfi_hide_featured_image":"","yasr_overall_rating":0,"yasr_post_is_review":"","yasr_auto_insert_disabled":"","yasr_review_type":"","footnotes":""},"class_list":["post-41928","page","type-page","status-publish","hentry"],"acf":[],"yasr_visitor_votes":{"stars_attributes":{"read_only":false,"span_bottom":false},"number_of_votes":0,"sum_votes":0},"amp_enabled":false,"_links":{"self":[{"href":"https:\/\/www.flexpipeinc.com\/ca_fr\/wp-json\/wp\/v2\/pages\/41928","targetHints":{"allow":["GET"]}}],"collection":[{"href":"https:\/\/www.flexpipeinc.com\/ca_fr\/wp-json\/wp\/v2\/pages"}],"about":[{"href":"https:\/\/www.flexpipeinc.com\/ca_fr\/wp-json\/wp\/v2\/types\/page"}],"author":[{"embeddable":true,"href":"https:\/\/www.flexpipeinc.com\/ca_fr\/wp-json\/wp\/v2\/users\/16"}],"replies":[{"embeddable":true,"href":"https:\/\/www.flexpipeinc.com\/ca_fr\/wp-json\/wp\/v2\/comments?post=41928"}],"version-history":[{"count":0,"href":"https:\/\/www.flexpipeinc.com\/ca_fr\/wp-json\/wp\/v2\/pages\/41928\/revisions"}],"wp:attachment":[{"href":"https:\/\/www.flexpipeinc.com\/ca_fr\/wp-json\/wp\/v2\/media?parent=41928"}],"curies":[{"name":"wp","href":"https:\/\/api.w.org\/{rel}","templated":true}]}}