{"id":51906,"date":"2023-12-08T12:10:55","date_gmt":"2023-12-08T17:10:55","guid":{"rendered":"https:\/\/www.flexpipeinc.com\/industrias\/"},"modified":"2025-07-02T16:21:47","modified_gmt":"2025-07-02T20:21:47","slug":"industries","status":"publish","type":"page","link":"https:\/\/www.flexpipeinc.com\/ca_fr\/industries\/","title":{"rendered":"Industries"},"content":{"rendered":"<section class=\"section--magento section--categories\" gr-grid=\"container\">\n<div class=\"section__head\">\n<div class=\"typography\">\n<h1 class=\"h1\">Industries<\/h1>\n<p>Apprenez-en davantage sur tout le potentiel du <a href=\"https:\/\/www.flexpipeinc.com\/ca_fr\/systeme-modulaire\/\" target=\"_blank\" rel=\"noopener noreferrer\">syst\u00e8me modulaire<\/a>\u00a0! Vous vous demandez comment les tuyaux et les joints peuvent s&rsquo;int\u00e9grer dans votre vie professionnelle quotidienne ? D\u00e9couvrez ce que nous pouvons faire pour votre industrie afin d\u2019am\u00e9liorer votre syst\u00e8me de production.\n<\/div>\n<\/div>\n<div gr-grid=\"row--block xs-2 md-6\" gr-equalizer=\"\" gr-equalizer-breakpoint=\"xs\" gr-equalizer-target=\".product-card\">\n<div gr-grid=\"block\"><a href=\"https:\/\/www.flexpipeinc.com\/ca_fr\/automobile\/\" class=\"product-card\"><\/p>\n<div class=\"product-card__categorie\">Automobile<\/div>\n<div class=\"product-card__figure\" gr-lazyloader=\"done\"><img decoding=\"async\" src=\"https:\/\/www.flexpipeinc.com\/wp-content\/uploads\/2023\/12\/Industries_Automotive.jpg\" srcset=\"https:\/\/www.flexpipeinc.com\/wp-content\/uploads\/2023\/12\/Industries_Automotive\" alt=\"Industrie automobile\" title=\"Industrie automobile\"><\/div>\n<p><\/a><\/div>\n<div gr-grid=\"block\"><a href=\"https:\/\/www.flexpipeinc.com\/ca_fr\/aerospatial\/\" class=\"product-card\"><\/p>\n<div class=\"product-card__categorie\">A\u00e9roespaciale<\/div>\n<div class=\"product-card__figure\" gr-lazyloader=\"done\"><img decoding=\"async\" src=\"https:\/\/www.flexpipeinc.com\/wp-content\/uploads\/2023\/12\/Industries_Aerospace.jpg\" srcset=\"https:\/\/www.flexpipeinc.com\/wp-content\/uploads\/2023\/12\/Industries_Aerospace\" alt=\"Industrie A\u00e9roespaciale\" title=\"Industrie A\u00e9roespaciale\"><\/div>\n<p><\/a><\/div>\n<div gr-grid=\"block\"><a href=\"https:\/\/www.flexpipeinc.com\/ca_fr\/emballage-carton-ondule\/\" class=\"product-card\"><\/p>\n<div class=\"product-card__categorie\"> Emballage en carton <\/div>\n<div class=\"product-card__figure\" gr-lazyloader=\"done\"><img decoding=\"async\" src=\"https:\/\/www.flexpipeinc.com\/wp-content\/uploads\/2023\/12\/Industries_Corrugated.jpg\" srcset=\"https:\/\/www.flexpipeinc.com\/wp-content\/uploads\/2023\/12\/Industries_Corrugated.jpg\" alt=\"Industrie de l'emballage en carton ondul\u00e9\" title=\"Industrie de l'emballage en carton\"><\/div>\n<p><\/a><\/div>\n<div gr-grid=\"block\"><a href=\"https:\/\/www.flexpipeinc.com\/ca_fr\/entreposage\/\" class=\"product-card\"><\/p>\n<div class=\"product-card__categorie\">Entreposage<\/div>\n<div class=\"product-card__figure\" gr-lazyloader=\"done\"><img decoding=\"async\" src=\"https:\/\/www.flexpipeinc.com\/wp-content\/uploads\/2024\/09\/Warehousing.jpg\" srcset=\"https:\/\/www.flexpipeinc.com\/wp-content\/uploads\/2024\/09\/Warehousing.jpg\" alt=\"Industrie de l'entreposage\" title=\"Industrie de l'entreposage\"><\/div>\n<p><\/a><\/div>\n<div gr-grid=\"block\"><a href=\"https:\/\/www.flexpipeinc.com\/ca_fr\/materiel-electrique\/\" class=\"product-card\"><\/p>\n<div class=\"product-card__categorie\">Mat\u00e9riel \u00e9lectrique<\/div>\n<div class=\"product-card__figure\" gr-lazyloader=\"done\"><img decoding=\"async\" src=\"https:\/\/www.flexpipeinc.com\/wp-content\/uploads\/2024\/11\/Electrical.jpg\" srcset=\"https:\/\/www.flexpipeinc.com\/wp-content\/uploads\/2024\/11\/Electrical.jpg\" alt=\"Industrie du mat\u00e9riel \u00e9lectrique\" title=\"Industrie du mat\u00e9riel \u00e9lectrique\"><\/div>\n<p><\/a><\/div>\n<div gr-grid=\"block\"><a href=\"https:\/\/www.flexpipeinc.com\/ca_fr\/batterie\/\" class=\"product-card\"><\/p>\n<div class=\"product-card__categorie\">Batterie<\/div>\n<div class=\"product-card__figure\" gr-lazyloader=\"done\"><img decoding=\"async\" src=\"https:\/\/www.flexpipeinc.com\/wp-content\/uploads\/2025\/07\/battery-industry-icon-color-fixed.jpg\" srcset=\"https:\/\/www.flexpipeinc.com\/wp-content\/uploads\/2025\/07\/battery-industry-icon-color-fixed.jpg\" alt=\"Industrie des batteries\" title=\"Industrie des batteries\"><\/div>\n<p><\/a><\/div>\n<\/div>\n<\/section>\n","protected":false},"excerpt":{"rendered":"<p>Industries Apprenez-en davantage sur tout le potentiel du syst\u00e8me modulaire\u00a0! Vous vous demandez comment les tuyaux et les joints peuvent s&rsquo;int\u00e9grer dans votre vie professionnelle quotidienne ? D\u00e9couvrez ce que nous pouvons faire pour votre industrie afin d\u2019am\u00e9liorer votre syst\u00e8me de production. Automobile A\u00e9roespaciale Emballage en carton Entreposage Mat\u00e9riel \u00e9lectrique Batterie<\/p>\n","protected":false},"author":16,"featured_media":0,"parent":0,"menu_order":0,"comment_status":"closed","ping_status":"closed","template":"","meta":{"_acf_changed":false,"_eb_attr":"","content-type":"","inline_featured_image":false,"sfsi_plus_gutenberg_text_before_share":"","sfsi_plus_gutenberg_show_text_before_share":"","sfsi_plus_gutenberg_icon_type":"","sfsi_plus_gutenberg_icon_alignemt":"","sfsi_plus_gutenburg_max_per_row":"","_eb_data_table":"","cybocfi_hide_featured_image":"","yasr_overall_rating":0,"yasr_post_is_review":"","yasr_auto_insert_disabled":"","yasr_review_type":"","footnotes":""},"class_list":["post-51906","page","type-page","status-publish","hentry"],"acf":[],"yasr_visitor_votes":{"stars_attributes":{"read_only":false,"span_bottom":false},"number_of_votes":0,"sum_votes":0},"amp_enabled":true,"_links":{"self":[{"href":"https:\/\/www.flexpipeinc.com\/ca_fr\/wp-json\/wp\/v2\/pages\/51906","targetHints":{"allow":["GET"]}}],"collection":[{"href":"https:\/\/www.flexpipeinc.com\/ca_fr\/wp-json\/wp\/v2\/pages"}],"about":[{"href":"https:\/\/www.flexpipeinc.com\/ca_fr\/wp-json\/wp\/v2\/types\/page"}],"author":[{"embeddable":true,"href":"https:\/\/www.flexpipeinc.com\/ca_fr\/wp-json\/wp\/v2\/users\/16"}],"replies":[{"embeddable":true,"href":"https:\/\/www.flexpipeinc.com\/ca_fr\/wp-json\/wp\/v2\/comments?post=51906"}],"version-history":[{"count":0,"href":"https:\/\/www.flexpipeinc.com\/ca_fr\/wp-json\/wp\/v2\/pages\/51906\/revisions"}],"wp:attachment":[{"href":"https:\/\/www.flexpipeinc.com\/ca_fr\/wp-json\/wp\/v2\/media?parent=51906"}],"curies":[{"name":"wp","href":"https:\/\/api.w.org\/{rel}","templated":true}]}}