{"id":30070,"date":"2021-10-27T11:33:12","date_gmt":"2021-10-27T15:33:12","guid":{"rendered":"https:\/\/www.flexpipeinc.com\/?page_id=30070"},"modified":"2024-06-18T14:12:58","modified_gmt":"2024-06-18T18:12:58","slug":"aplicaciones","status":"publish","type":"page","link":"https:\/\/www.flexpipeinc.com\/us_es\/aplicaciones\/","title":{"rendered":"Aplicaciones"},"content":{"rendered":"<section class=\"section--magento section--categories\" gr-grid=\"container\">\n<div class=\"section__head\">\n<div class=\"typography\">\n<h1 class=\"h1\">APLICACIONES<\/h1>\n<p>\u00a1Conozca todo el potencial del <a href=\"https:\/\/www.flexpipeinc.com\/us_es\/sistema-modular\/\" target=\"_blank\" rel=\"noopener noreferrer\">sistema modular<\/a>! \u00bfSe pregunta c\u00f3mo pueden encajar las tuber\u00edas y las juntas en el d\u00eda a d\u00eda de su empresa? Descubra lo que han hecho otras empresas en distintos sectores, vea im\u00e1genes en 3D de proyectos montados por nuestro equipo y explore las distintas posibilidades para mejorar su sistema de producci\u00f3n.<\/p>\n<\/div>\n<\/div>\n<div gr-grid=\"row--block xs-2 md-6\" gr-equalizer=\"\" gr-equalizer-breakpoint=\"xs\" gr-equalizer-target=\".product-card\">\n<div gr-grid=\"block\"><a href=\"https:\/\/www.flexpipeinc.com\/us_es\/sistema-modular\/\" class=\"product-card\"><\/p>\n<div class=\"product-card__categorie\">Sistema modular<\/div>\n<div class=\"product-card__figure\" gr-lazyloader=\"done\"><img decoding=\"async\" src=\"https:\/\/www.flexpipeinc.com\/wp-content\/uploads\/2018\/09\/modular-system.jpg\" srcset=\"https:\/\/www.flexpipeinc.com\/wp-content\/uploads\/2018\/09\/modular-system\" alt=\"Sistema modular\" title=\"Sistema modular\"><\/div>\n<p><\/a><\/div>\n<div gr-grid=\"block\"><a href=\"https:\/\/www.flexpipeinc.com\/us_es\/estructuras-hechas-a-la-medid\/\" class=\"product-card\"><\/p>\n<div class=\"product-card__categorie\">Estructuras<\/div>\n<div class=\"product-card__figure\" gr-lazyloader=\"done\"><img decoding=\"async\" src=\"https:\/\/www.flexpipeinc.com\/wp-content\/uploads\/2018\/04\/structures.jpg\" srcset=\"https:\/\/www.flexpipeinc.com\/wp-content\/uploads\/2018\/04\/structures\" alt=\"Estructuras\" title=\"Estructuras\"><\/div>\n<p><\/a><\/div>\n<div gr-grid=\"block\"><a href=\"https:\/\/www.flexpipeinc.com\/us_es\/industrias\/\" class=\"product-card\"><\/p>\n<div class=\"product-card__categorie\">Industrias<\/div>\n<div class=\"product-card__figure\" gr-lazyloader=\"done\"><img decoding=\"async\" src=\"https:\/\/www.flexpipeinc.com\/wp-content\/uploads\/2023\/12\/Industries_industries.jpg\" srcset=\"https:\/\/www.flexpipeinc.com\/wp-content\/uploads\/2023\/12\/Industries_industries.jpg\" alt=\"Industrias\" title=\"Industrias\"><\/div>\n<p><\/a><\/div>\n<div gr-grid=\"block\"><a href=\"https:\/\/www.flexpipeinc.com\/us_es\/estudios-de-caso\/\" class=\"product-card\"><\/p>\n<div class=\"product-card__categorie\">Estudios de caso<\/div>\n<div class=\"product-card__figure\" gr-lazyloader=\"done\"><img decoding=\"async\" src=\"https:\/\/www.flexpipeinc.com\/wp-content\/uploads\/2018\/04\/case-studies.jpg\" srcset=\"https:\/\/www.flexpipeinc.com\/wp-content\/uploads\/2018\/04\/case-studies\" alt=\"Estudios de caso\" title=\"Estudios de caso\"><\/div>\n<p><\/a><\/div>\n<div gr-grid=\"block\"><a href=\"https:\/\/www.flexpipeinc.com\/us_es\/plan-gratis\/\" class=\"product-card\"><\/p>\n<div class=\"product-card__categorie\">Plan Gratis<\/div>\n<div class=\"product-card__figure\" gr-lazyloader=\"done\"><img decoding=\"async\" src=\"https:\/\/www.flexpipeinc.com\/wp-content\/uploads\/2024\/06\/freeplans-icon-1.jpg\" srcset=\"https:\/\/www.flexpipeinc.com\/wp-content\/uploads\/2024\/06\/freeplans-icon-1.jpg\" alt=\"Plan Gratis\" title=\"Plan Gratis\"><\/div>\n<p><\/a><\/div>\n<div gr-grid=\"block\"><a href=\"https:\/\/www.flexpipeinc.com\/us_es\/inspiration\/\" class=\"product-card\"><\/p>\n<div class=\"product-card__categorie\">Inspiraci\u00f3n<\/div>\n<div class=\"product-card__figure\" gr-lazyloader=\"done\"><img decoding=\"async\" src=\"https:\/\/www.flexpipeinc.com\/wp-content\/uploads\/2018\/04\/photo-gallery.jpg\" srcset=\"https:\/\/www.flexpipeinc.com\/wp-content\/uploads\/2018\/04\/photo-gallery.jpg\" alt=\"Inspiraci\u00f3n\" title=\"Inspiraci\u00f3n\"><\/div>\n<p><\/a><\/div>\n<\/div>\n<\/section>\n","protected":false},"excerpt":{"rendered":"<p>APLICACIONES \u00a1Conozca todo el potencial del sistema modular! \u00bfSe pregunta c\u00f3mo pueden encajar las tuber\u00edas y las juntas en el d\u00eda a d\u00eda de su empresa? Descubra lo que han hecho otras empresas en distintos sectores, vea im\u00e1genes en 3D de proyectos montados por nuestro equipo y explore las distintas posibilidades para mejorar su sistema &hellip; <a href=\"https:\/\/www.flexpipeinc.com\/us_es\/aplicaciones\/\">Continued<\/a><\/p>\n","protected":false},"author":25,"featured_media":0,"parent":0,"menu_order":140,"comment_status":"closed","ping_status":"closed","template":"templates\/template-blank.php","meta":{"_acf_changed":false,"_eb_attr":"","content-type":"","inline_featured_image":false,"sfsi_plus_gutenberg_text_before_share":"","sfsi_plus_gutenberg_show_text_before_share":"","sfsi_plus_gutenberg_icon_type":"","sfsi_plus_gutenberg_icon_alignemt":"","sfsi_plus_gutenburg_max_per_row":"","_eb_data_table":"","cybocfi_hide_featured_image":"","yasr_overall_rating":0,"yasr_post_is_review":"","yasr_auto_insert_disabled":"","yasr_review_type":"","footnotes":""},"class_list":["post-30070","page","type-page","status-publish","hentry"],"acf":[],"yasr_visitor_votes":{"stars_attributes":{"read_only":false,"span_bottom":false},"number_of_votes":0,"sum_votes":0},"amp_enabled":false,"_links":{"self":[{"href":"https:\/\/www.flexpipeinc.com\/us_es\/wp-json\/wp\/v2\/pages\/30070","targetHints":{"allow":["GET"]}}],"collection":[{"href":"https:\/\/www.flexpipeinc.com\/us_es\/wp-json\/wp\/v2\/pages"}],"about":[{"href":"https:\/\/www.flexpipeinc.com\/us_es\/wp-json\/wp\/v2\/types\/page"}],"author":[{"embeddable":true,"href":"https:\/\/www.flexpipeinc.com\/us_es\/wp-json\/wp\/v2\/users\/25"}],"replies":[{"embeddable":true,"href":"https:\/\/www.flexpipeinc.com\/us_es\/wp-json\/wp\/v2\/comments?post=30070"}],"version-history":[{"count":0,"href":"https:\/\/www.flexpipeinc.com\/us_es\/wp-json\/wp\/v2\/pages\/30070\/revisions"}],"wp:attachment":[{"href":"https:\/\/www.flexpipeinc.com\/us_es\/wp-json\/wp\/v2\/media?parent=30070"}],"curies":[{"name":"wp","href":"https:\/\/api.w.org\/{rel}","templated":true}]}}