{"id":30077,"date":"2021-10-27T13:26:14","date_gmt":"2021-10-27T17:26:14","guid":{"rendered":"https:\/\/www.flexpipeinc.com\/?page_id=30077"},"modified":"2021-10-27T14:28:00","modified_gmt":"2021-10-27T18:28:00","slug":"apoyo","status":"publish","type":"page","link":"https:\/\/www.flexpipeinc.com\/us_es\/apoyo\/","title":{"rendered":"Apoyo"},"content":{"rendered":"<section class=\"section--magento section--categories\" gr-grid=\"container\">\n<div class=\"section__head\">\n<div class=\"typography\">\n<h1 class=\"h1\">Apoyo<\/h1>\n<p>    \u00bfNecesita ayuda? Obtenga toda la informaci\u00f3n que necesita para empezar con buen pie a hacer negocios con nosotros. Lo m\u00e1s probable es que la respuesta a su pregunta se encuentre entre estas p\u00e1ginas, si no, no dude en ponerse en contacto con nosotros <a href=\"https:\/\/www.flexpipeinc.com\/us_es\/contactenos\/\" target=\"_blank\" rel=\"noopener noreferrer\">por tel\u00e9fono, correo electr\u00f3nico o chat<\/a>. Tambi\u00e9n hemos elaborado una lista de proveedores complementarios al sistema de tubos y juntas modulares <a href=\"https:\/\/www.flexpipeinc.com\/us_es\/sistema-modular\/\" target=\"_blank\" rel=\"noopener noreferrer\"><\/a>.<\/p><\/div>\n<\/p><\/div>\n<div gr-grid=\"row--block xs-2 md-6\" gr-eqalizer gr-equalizer-breakpoint=\"xs\" gr-equalizer-target=\".product-card\">\n    <a href=\"https:\/\/www.flexpipeinc.com\/us_es\/apertura-de-cuenta\/\" class=\"product-card\"><\/p>\n<div gr-grid=\"block\">\n<div class=\"product-card__categorie\">Apertura de la cuenta<\/div>\n<div class=\"product-card__figure\"><img decoding=\"async\" title=\"Apertura de la cuenta\" src=\"https:\/\/www.flexpipeinc.com\/wp-content\/uploads\/2018\/04\/account-opening.jpg\" srcset=\"https:\/\/www.flexpipeinc.com\/wp-content\/uploads\/2018\/04\/account-opening.jpg\" alt=\"Account opening\" \/><\/div>\n<p>    &nbsp;<br \/>\n    <\/a>\n    <\/div>\n<div gr-grid=\"block\">\n    <a href=\"https:\/\/www.flexpipeinc.com\/us_es\/como-comenzar\/\" class=\"product-card\"><\/p>\n<div class=\"product-card__categorie\">C\u00f3mo empezar<\/div>\n<div class=\"product-card__figure\"><img decoding=\"async\" title=\"C\u00f3mo empezar\" src=\"https:\/\/www.flexpipeinc.com\/wp-content\/uploads\/2018\/04\/getting-started.jpg\" srcset=\"https:\/\/www.flexpipeinc.com\/wp-content\/uploads\/2018\/04\/getting-started.jpg\" alt=\"Getting started\" \/><\/div>\n<p>    &nbsp;<br \/>\n    <\/a>\n    <\/div>\n<div gr-grid=\"block\">\n    <a href=\"https:\/\/www.flexpipeinc.com\/us_es\/faq\/\" class=\"product-card\"><\/p>\n<div class=\"product-card__categorie\">Faq<\/div>\n<div class=\"product-card__figure\"><img decoding=\"async\" title=\"Frequently ask questions\" src=\"https:\/\/www.flexpipeinc.com\/wp-content\/uploads\/2018\/04\/faq.jpg\" srcset=\"https:\/\/www.flexpipeinc.com\/wp-content\/uploads\/2018\/04\/faq.jpg\" alt=\"Frequently ask questions\" \/><\/div>\n<p>    &nbsp;<br \/>\n    <\/a>\n    <\/div>\n<div gr-grid=\"block\">\n    <a href=\"https:\/\/www.flexpipeinc.com\/us_es\/servicio-al-cliente\/\" class=\"product-card\"><\/p>\n<div class=\"product-card__categorie\">Servicio de atenci\u00f3n al cliente<\/div>\n<div class=\"product-card__figure\"><img decoding=\"async\" title=\"Customer service\" src=\"https:\/\/www.flexpipeinc.com\/wp-content\/uploads\/2018\/04\/customer-service.jpg\" srcset=\"https:\/\/www.flexpipeinc.com\/wp-content\/uploads\/2018\/04\/customer-service.jpg\" alt=\"Customer service\" \/><\/div>\n<p>    &nbsp;<br \/>\n    <\/a>\n    <\/div>\n<div gr-grid=\"block\">\n    <a href=\"https:\/\/www.flexpipeinc.com\/us_es\/transporte\/\" class=\"product-card\"><\/p>\n<div class=\"product-card__categorie\">Env\u00edo<\/div>\n<div class=\"product-card__figure\"><img decoding=\"async\" title=\"Env\u00edo\" src=\"https:\/\/www.flexpipeinc.com\/wp-content\/uploads\/2018\/04\/shipping.jpg\" srcset=\"https:\/\/www.flexpipeinc.com\/wp-content\/uploads\/2018\/04\/shipping.jpg\" alt=\"Shipping\" \/><\/div>\n<p>    &nbsp;<br \/>\n    <\/a>\n    <\/div>\n<div gr-grid=\"block\">\n    <a href=\"https:\/\/www.flexpipeinc.com\/us_es\/anadir\/\" class=\"product-card\"><\/p>\n<div class=\"product-card__categorie\">Recursos<\/div>\n<div class=\"product-card__figure\"><img decoding=\"async\" title=\"Recursos\" src=\"https:\/\/www.flexpipeinc.com\/wp-content\/uploads\/2018\/04\/resources.jpg\" srcset=\"https:\/\/www.flexpipeinc.com\/wp-content\/uploads\/2018\/04\/resources.jpg\" alt=\"Resources\" \/><\/div>\n<p>    &nbsp;<br \/>\n    <\/a>\n    <\/div>\n<\/p><\/div>\n<\/section>\n","protected":false},"excerpt":{"rendered":"<p>Apoyo \u00bfNecesita ayuda? Obtenga toda la informaci\u00f3n que necesita para empezar con buen pie a hacer negocios con nosotros. Lo m\u00e1s probable es que la respuesta a su pregunta se encuentre entre estas p\u00e1ginas, si no, no dude en ponerse en contacto con nosotros por tel\u00e9fono, correo electr\u00f3nico o chat. Tambi\u00e9n hemos elaborado una lista &hellip; <a href=\"https:\/\/www.flexpipeinc.com\/us_es\/apoyo\/\">Continued<\/a><\/p>\n","protected":false},"author":25,"featured_media":0,"parent":0,"menu_order":0,"comment_status":"closed","ping_status":"closed","template":"templates\/template-blank.php","meta":{"_acf_changed":false,"_eb_attr":"","content-type":"","inline_featured_image":false,"sfsi_plus_gutenberg_text_before_share":"","sfsi_plus_gutenberg_show_text_before_share":"","sfsi_plus_gutenberg_icon_type":"","sfsi_plus_gutenberg_icon_alignemt":"","sfsi_plus_gutenburg_max_per_row":"","_eb_data_table":"","cybocfi_hide_featured_image":"","yasr_overall_rating":0,"yasr_post_is_review":"","yasr_auto_insert_disabled":"","yasr_review_type":"","footnotes":""},"class_list":["post-30077","page","type-page","status-publish","hentry"],"acf":[],"yasr_visitor_votes":{"stars_attributes":{"read_only":false,"span_bottom":false},"number_of_votes":0,"sum_votes":0},"amp_enabled":false,"_links":{"self":[{"href":"https:\/\/www.flexpipeinc.com\/us_es\/wp-json\/wp\/v2\/pages\/30077","targetHints":{"allow":["GET"]}}],"collection":[{"href":"https:\/\/www.flexpipeinc.com\/us_es\/wp-json\/wp\/v2\/pages"}],"about":[{"href":"https:\/\/www.flexpipeinc.com\/us_es\/wp-json\/wp\/v2\/types\/page"}],"author":[{"embeddable":true,"href":"https:\/\/www.flexpipeinc.com\/us_es\/wp-json\/wp\/v2\/users\/25"}],"replies":[{"embeddable":true,"href":"https:\/\/www.flexpipeinc.com\/us_es\/wp-json\/wp\/v2\/comments?post=30077"}],"version-history":[{"count":0,"href":"https:\/\/www.flexpipeinc.com\/us_es\/wp-json\/wp\/v2\/pages\/30077\/revisions"}],"wp:attachment":[{"href":"https:\/\/www.flexpipeinc.com\/us_es\/wp-json\/wp\/v2\/media?parent=30077"}],"curies":[{"name":"wp","href":"https:\/\/api.w.org\/{rel}","templated":true}]}}