{"id":30100,"date":"2021-10-27T14:40:45","date_gmt":"2021-10-27T18:40:45","guid":{"rendered":"https:\/\/www.flexpipeinc.com\/?page_id=30100"},"modified":"2021-10-27T14:40:45","modified_gmt":"2021-10-27T18:40:45","slug":"empresa","status":"publish","type":"page","link":"https:\/\/www.flexpipeinc.com\/us_es\/empresa\/","title":{"rendered":"Empresa"},"content":{"rendered":"<section class=\"section--magento section--categories\" gr-grid=\"container\">\n<div class=\"section__head\">\n<div class=\"typography\">\n<h1 class=\"h1\">Empresa<\/h1>\n<p>    Hacemos todo lo posible para que la integraci\u00f3n de <a href=\"https:\/\/www.flexpipeinc.com\/us_es\/sistema-modular\/\" target=\"_blank\" rel=\"noopener noreferrer\">sistemas modulares de manipulaci\u00f3n<\/a> lo m\u00e1s f\u00e1cil posible. \u00bfPresupuesto limitado? \u00bfPlazos ajustados? Descubra c\u00f3mo Flexpipe le dar\u00e1 la ayuda que necesita o le proporcionar\u00e1 soluciones alternativas a las limitaciones que pueda tener. Conozca la historia y las personas que est\u00e1n detr\u00e1s de Flexpipe.<\/p><\/div>\n<\/p><\/div>\n<div gr-grid=\"row--block xs-2 md-6\" gr-equalizer=\"\" gr-equalizer-breakpoint=\"xs\" gr-equalizer-target=\".product-card\">\n<div gr-grid=\"block\"><a href=\"https:\/\/www.flexpipeinc.com\/us_es\/blog-de-flexpipe\/\" class=\"product-card\"><\/p>\n<div class=\"product-card__categorie\">Blog<\/div>\n<div class=\"product-card__figure\" gr-lazyloader=\"done\"><img decoding=\"async\" src=\"https:\/\/www.flexpipeinc.com\/wp-content\/uploads\/2020\/12\/icone-blogue.svg\" srcset=\"https:\/\/www.flexpipeinc.com\/wp-content\/uploads\/2020\/12\/icone-blogue.svg\" alt=\"Blog\" title=\"Blog\"><\/div>\n<p><\/a><\/div>\n<div gr-grid=\"block\"><a href=\"https:\/\/www.flexpipeinc.com\/us_es\/sobre-nosotros\/\" class=\"product-card\"><\/p>\n<div class=\"product-card__categorie\">Sobre nosotros<\/div>\n<div class=\"product-card__figure\" gr-lazyloader=\"done\"><img decoding=\"async\" src=\"https:\/\/www.flexpipeinc.com\/wp-content\/uploads\/2018\/04\/about-us.jpg\" srcset=\"https:\/\/www.flexpipeinc.com\/wp-content\/uploads\/2018\/04\/about-us.jpg\" alt=\"About Us\" title=\"About Us\"><\/div>\n<p><\/a><\/div>\n<div gr-grid=\"block\"><a href=\"https:\/\/www.flexpipeinc.com\/us_es\/por-que-flexpipe\/\" class=\"product-card\"><\/p>\n<div class=\"product-card__categorie\">Por que Flexpipe<\/div>\n<div class=\"product-card__figure\" gr-lazyloader=\"done\"><img decoding=\"async\" src=\"https:\/\/www.flexpipeinc.com\/wp-content\/uploads\/2018\/04\/why-flexpipe.jpg\" srcset=\"https:\/\/www.flexpipeinc.com\/wp-content\/uploads\/2018\/04\/why-flexpipe.jpg\" alt=\"Why Flexpipe\" title=\"Why Flexpipe\"><\/div>\n<p><\/a><\/div>\n<div gr-grid=\"block\"><a href=\"https:\/\/www.flexpipeinc.com\/us_es\/the-team\/\" class=\"product-card\"><\/p>\n<div class=\"product-card__categorie\">Equipo<\/div>\n<div class=\"product-card__figure\" gr-lazyloader=\"done\"><img decoding=\"async\" src=\"https:\/\/www.flexpipeinc.com\/wp-content\/uploads\/2018\/04\/team.jpg\" srcset=\"https:\/\/www.flexpipeinc.com\/wp-content\/uploads\/2018\/04\/team.jpg\" alt=\"Team\" title=\"Team\"><\/div>\n<p><\/a><\/div>\n<div gr-grid=\"block\"><a href=\"https:\/\/www.flexpipeinc.com\/us_es\/contactenos\/\" class=\"product-card\"><\/p>\n<div class=\"product-card__categorie\">Contactenos<\/div>\n<div class=\"product-card__figure\" gr-lazyloader=\"done\"><img decoding=\"async\" src=\"https:\/\/www.flexpipeinc.com\/wp-content\/uploads\/2018\/04\/contact-us.jpg\" srcset=\"https:\/\/www.flexpipeinc.com\/wp-content\/uploads\/2018\/04\/contact-us.jpg\" alt=\"Contact Us\" title=\"Contact Us\"><\/div>\n<p><\/a><\/div>\n<div gr-grid=\"block\"><a href=\"https:\/\/www.flexpipeinc.com\/us_es\/servicios-ofrecidos\/\" class=\"product-card\"><\/p>\n<div class=\"product-card__categorie\">Servicios ofrecidos<\/div>\n<div class=\"product-card__figure\" gr-lazyloader=\"done\"><img decoding=\"async\" src=\"https:\/\/www.flexpipeinc.com\/wp-content\/uploads\/2020\/12\/icone-services-offerts.svg\" srcset=\"https:\/\/www.flexpipeinc.com\/wp-content\/uploads\/2020\/12\/icone-services-offerts.svg\" alt=\"Offered Services\" title=\"Offered Services\"><\/div>\n<p><\/a><\/div>\n<\/p><\/div>\n<\/section>\n","protected":false},"excerpt":{"rendered":"<p>Empresa Hacemos todo lo posible para que la integraci\u00f3n de sistemas modulares de manipulaci\u00f3n lo m\u00e1s f\u00e1cil posible. \u00bfPresupuesto limitado? \u00bfPlazos ajustados? Descubra c\u00f3mo Flexpipe le dar\u00e1 la ayuda que necesita o le proporcionar\u00e1 soluciones alternativas a las limitaciones que pueda tener. Conozca la historia y las personas que est\u00e1n detr\u00e1s de Flexpipe. Blog Sobre &hellip; <a href=\"https:\/\/www.flexpipeinc.com\/us_es\/empresa\/\">Continued<\/a><\/p>\n","protected":false},"author":25,"featured_media":0,"parent":0,"menu_order":0,"comment_status":"closed","ping_status":"closed","template":"templates\/template-blank.php","meta":{"_acf_changed":false,"_eb_attr":"","content-type":"","inline_featured_image":false,"sfsi_plus_gutenberg_text_before_share":"","sfsi_plus_gutenberg_show_text_before_share":"","sfsi_plus_gutenberg_icon_type":"","sfsi_plus_gutenberg_icon_alignemt":"","sfsi_plus_gutenburg_max_per_row":"","_eb_data_table":"","cybocfi_hide_featured_image":"","yasr_overall_rating":0,"yasr_post_is_review":"","yasr_auto_insert_disabled":"","yasr_review_type":"","footnotes":""},"class_list":["post-30100","page","type-page","status-publish","hentry"],"acf":[],"yasr_visitor_votes":{"stars_attributes":{"read_only":false,"span_bottom":false},"number_of_votes":0,"sum_votes":0},"amp_enabled":false,"_links":{"self":[{"href":"https:\/\/www.flexpipeinc.com\/us_es\/wp-json\/wp\/v2\/pages\/30100","targetHints":{"allow":["GET"]}}],"collection":[{"href":"https:\/\/www.flexpipeinc.com\/us_es\/wp-json\/wp\/v2\/pages"}],"about":[{"href":"https:\/\/www.flexpipeinc.com\/us_es\/wp-json\/wp\/v2\/types\/page"}],"author":[{"embeddable":true,"href":"https:\/\/www.flexpipeinc.com\/us_es\/wp-json\/wp\/v2\/users\/25"}],"replies":[{"embeddable":true,"href":"https:\/\/www.flexpipeinc.com\/us_es\/wp-json\/wp\/v2\/comments?post=30100"}],"version-history":[{"count":0,"href":"https:\/\/www.flexpipeinc.com\/us_es\/wp-json\/wp\/v2\/pages\/30100\/revisions"}],"wp:attachment":[{"href":"https:\/\/www.flexpipeinc.com\/us_es\/wp-json\/wp\/v2\/media?parent=30100"}],"curies":[{"name":"wp","href":"https:\/\/api.w.org\/{rel}","templated":true}]}}