{"id":30345,"date":"2021-11-03T09:59:05","date_gmt":"2021-11-03T13:59:05","guid":{"rendered":"https:\/\/www.flexpipeinc.com\/?page_id=30345"},"modified":"2021-11-03T10:41:58","modified_gmt":"2021-11-03T14:41:58","slug":"partenariado-lean-manufacturing","status":"publish","type":"page","link":"https:\/\/www.flexpipeinc.com\/us_es\/partenariado-lean-manufacturing\/","title":{"rendered":"Partenariado Lean Manufacturing"},"content":{"rendered":"<p><span style=\"font-weight: 400;\">Nos asociamos con empresas de consultor\u00eda de renombre o con consultores que promueven la fabricaci\u00f3n ajustada y Six Sigma. Nuestro objetivo para nuestros clientes es <strong>realizar<\/strong> proyectos de mejora continua o <strong>empoderarles<\/strong> para hacerlo &#8211; con una soluci\u00f3n sencilla.\u00a0<\/span><\/p>\n<p><span style=\"font-weight: 400;\">Siempre buscamos trabajar con consultores lean experimentados que crean que involucrar a los trabajadores en el camino lean es la clave del \u00e9xito.<\/span><\/p>\n<p><span style=\"font-weight: 400;\">Si cree que es necesario un sistema modular de manipulaci\u00f3n de materiales para el camino de la fabricaci\u00f3n ajustada de su cliente, ofrecemos una compensaci\u00f3n directamente a su empresa o directamente a su referencia. Tambi\u00e9n podemos realizar servicios especializados como la formaci\u00f3n pr\u00e1ctica tras sus intervenciones y formaci\u00f3n.<\/span><\/p>\n<p><strong>Aqu\u00ed hay algunos ejemplos de realizaci\u00f3n:<\/strong><\/p>\n<p><a href=\"https:\/\/www.flexpipeinc.com\/case_study\/maintenance-employee-influence-productivity-sme\/\" rel=\"noopener noreferrer\"><img loading=\"lazy\" decoding=\"async\" class=\"alignnone\" src=\"https:\/\/www.flexpipeinc.com\/wp-content\/uploads\/2019\/05\/medicus-fabrication-plant-flow-racks.jpg\" alt=\"L\u00ednea de montaje de flujo de una pieza en Medicus\" width=\"673\" height=\"397\" \/><\/a><\/p>\n<p><a href=\"https:\/\/www.flexpipeinc.com\/case_study\/maintenance-employee-influence-productivity-sme\/\" target=\"_blank\" rel=\"noopener noreferrer\">L\u00ednea de montaje de flujo de una pieza en Medicus<\/a><\/p>\n<p><a href=\"https:\/\/www.flexpipeinc.com\/case_study\/how-cogeco-increased-profitability-implementing-lean-solution\/\" target=\"_blank\" rel=\"noopener noreferrer\"><img loading=\"lazy\" decoding=\"async\" class=\"alignnone\" src=\"https:\/\/www.flexpipeinc.com\/wp-content\/uploads\/2018\/02\/modular-structures-lean-warehouse.jpg\" alt=\"Estructuras modulares en el nuevo almac\u00e9n de producci\u00f3n ajustada\" width=\"673\" height=\"506\" \/><\/a><\/p>\n<p><a href=\"https:\/\/www.flexpipeinc.com\/case_study\/how-cogeco-increased-profitability-implementing-lean-solution\/\" target=\"_blank\" rel=\"noopener noreferrer\">Las estanter\u00edas de flujo optimizan la zona de recepci\u00f3n en Cogeco<\/a><\/p>\n<p><a href=\"https:\/\/www.flexpipeinc.com\/case_study\/safrans-mirabel-facility-saved-40-working-structure\/\" target=\"_blank\" rel=\"noopener noreferrer\"><img loading=\"lazy\" decoding=\"async\" class=\"alignnone\" src=\"https:\/\/www.flexpipeinc.com\/wp-content\/uploads\/2017\/02\/safran-tool-box-before-after.jpg\" alt=\"5S point of use tooling at Safran\" width=\"672\" height=\"289\" \/><\/a><\/p>\n<p><a href=\"https:\/\/www.flexpipeinc.com\/case_study\/safrans-mirabel-facility-saved-40-working-structure\/\" target=\"_blank\" rel=\"noopener noreferrer\">Estaci\u00f3n de herramientas de punto de uso 5S en Safran<\/a><\/p>\n<h3><a href=\"https:\/\/www.flexpipeinc.com\/ca_en\/case_study\/\" target=\"_blank\" rel=\"noopener noreferrer\">VEA M\u00c1S EJEMPLOS LEAN DE LOS CLIENTES<\/a><\/h3>\n<hr \/>\n<p>&nbsp;<\/p>\n<p><strong>Qu\u00e9 ofrecemos como asociaci\u00f3n:<\/strong><\/p>\n<ul>\n<li style=\"list-style-type: none;\">\n<ul>\n<li>Compensaci\u00f3n para su organizaci\u00f3n o un descuento para su cliente, seg\u00fan su elecci\u00f3n.<\/li>\n<\/ul>\n<\/li>\n<\/ul>\n<p>.<\/p>\n<ul>\n<li style=\"list-style-type: none;\">\n<ul>\n<li>Formaci\u00f3n gratuita para usted o para sus clientes que se adentren en un viaje lean (montaje, y formaci\u00f3n de dise\u00f1o).<\/li>\n<\/ul>\n<\/li>\n<\/ul>\n<p>.<\/p>\n<ul>\n<li style=\"list-style-type: none;\">\n<ul>\n<li>Muestras, demostraciones o prototipos gratuitos para sus clientes que se adentren en un viaje lean (montaje y formaci\u00f3n de dise\u00f1o).<\/li>\n<\/ul>\n<\/li>\n<\/ul>\n<p>.<\/p>\n<ul>\n<li>Dise\u00f1os gratuitos (2) para sus clientes que se adentren en el proceso lean (formaci\u00f3n sobre montaje y dise\u00f1o).<\/li>\n<li>Compartici\u00f3n de contenidos y exposici\u00f3n dentro de nuestra base de datos de 24.000 ingenieros de fabricaci\u00f3n y directores de operaciones.<\/li>\n<li>.<\/li>\n<\/ul>\n<p>Tenemos sede en Atlanta, GA \/ Los \u00c1ngeles, CA, \/ Montreal, QC.<\/p>\n<p><span style=\"font-weight: 400;\">Estaremos encantados de darle referencias de nuestros clientes porque sabemos lo importante que es la reputaci\u00f3n de su empresa.<\/span><\/p>\n<p><span style=\"font-weight: 400;\">Para m\u00e1s informaci\u00f3n contacte con Sylvain Lejour, cofundador de Flexpipe. M\u00f3vil 514-928-5357 \/ <a href=\"mailto:slejour@flexpipeinc.com\" target=\"_blank\" rel=\"noopener noreferrer\">slejour@flexpipeinc.com<\/a><\/span><\/p>\n<p>O reserve una reuni\u00f3n r\u00e1pida directamente aqu\u00ed:<\/p>\n<p>&nbsp;<\/p>\n<p>&nbsp;<\/p>\n<div class=\"meetings-iframe-container\" data-src=\"https:\/\/app.hubspot.com\/meetings\/slejour?embed=true\"><\/div>\n<p><script type=\"text\/javascript\" src=\"https:\/\/static.hsappstatic.net\/MeetingsEmbed\/ex\/MeetingsEmbedCode.js\"><\/script><\/p>\n","protected":false},"excerpt":{"rendered":"<p>Nos asociamos con empresas de consultor\u00eda de renombre o con consultores que promueven la fabricaci\u00f3n ajustada y Six Sigma. Nuestro objetivo para nuestros clientes es realizar proyectos de mejora continua o empoderarles para hacerlo &#8211; con una soluci\u00f3n sencilla.\u00a0 Siempre buscamos trabajar con consultores lean experimentados que crean que involucrar a los trabajadores en el &hellip; <a href=\"https:\/\/www.flexpipeinc.com\/us_es\/partenariado-lean-manufacturing\/\">Continued<\/a><\/p>\n","protected":false},"author":25,"featured_media":0,"parent":0,"menu_order":64,"comment_status":"closed","ping_status":"closed","template":"templates\/template-default.php","meta":{"_acf_changed":false,"_eb_attr":"","content-type":"","inline_featured_image":false,"sfsi_plus_gutenberg_text_before_share":"","sfsi_plus_gutenberg_show_text_before_share":"","sfsi_plus_gutenberg_icon_type":"","sfsi_plus_gutenberg_icon_alignemt":"","sfsi_plus_gutenburg_max_per_row":"","_eb_data_table":"","cybocfi_hide_featured_image":"","yasr_overall_rating":0,"yasr_post_is_review":"","yasr_auto_insert_disabled":"","yasr_review_type":"","footnotes":""},"class_list":["post-30345","page","type-page","status-publish","hentry"],"acf":[],"yasr_visitor_votes":{"stars_attributes":{"read_only":false,"span_bottom":false},"number_of_votes":0,"sum_votes":0},"amp_enabled":false,"_links":{"self":[{"href":"https:\/\/www.flexpipeinc.com\/us_es\/wp-json\/wp\/v2\/pages\/30345","targetHints":{"allow":["GET"]}}],"collection":[{"href":"https:\/\/www.flexpipeinc.com\/us_es\/wp-json\/wp\/v2\/pages"}],"about":[{"href":"https:\/\/www.flexpipeinc.com\/us_es\/wp-json\/wp\/v2\/types\/page"}],"author":[{"embeddable":true,"href":"https:\/\/www.flexpipeinc.com\/us_es\/wp-json\/wp\/v2\/users\/25"}],"replies":[{"embeddable":true,"href":"https:\/\/www.flexpipeinc.com\/us_es\/wp-json\/wp\/v2\/comments?post=30345"}],"version-history":[{"count":0,"href":"https:\/\/www.flexpipeinc.com\/us_es\/wp-json\/wp\/v2\/pages\/30345\/revisions"}],"wp:attachment":[{"href":"https:\/\/www.flexpipeinc.com\/us_es\/wp-json\/wp\/v2\/media?parent=30345"}],"curies":[{"name":"wp","href":"https:\/\/api.w.org\/{rel}","templated":true}]}}