{"id":41935,"date":"2022-12-08T11:29:57","date_gmt":"2022-12-08T16:29:57","guid":{"rendered":"https:\/\/www.flexpipeinc.com\/?page_id=41935"},"modified":"2024-11-06T14:05:36","modified_gmt":"2024-11-06T19:05:36","slug":"abra-una-cuenta-flexpipe","status":"publish","type":"page","link":"https:\/\/www.flexpipeinc.com\/us_es\/abra-una-cuenta-flexpipe\/","title":{"rendered":"Abra una cuenta Flexpipe"},"content":{"rendered":"<section class=\"section--magento section--categories\">\n<div class=\"section__head\">\n<div class=\"typography\">\n<h1 class=\"h1\">Abra una cuenta Flexpipe<\/h1>\n<hr style=\"background-color: transparent;\" \/>\n<\/div>\n<div class=\"typography\">\n<h2 class=\"h2\">\u00bfQuieres abrir una cuenta con condiciones de pago?<\/h2>\n<p>Rellene este\u00a0<strong><a href=\"https:\/\/2641120.fs1.hubspotusercontent-na1.net\/hubfs\/2641120\/account%20opening\/New%20Client%20Information%20Form%20rev%20March2023%20-%20sp.pdf\" target=\"_blank\" rel=\"noopener\">formulario PDF<\/a><\/strong> y env\u00edelo a \u00a0<a href=\"mailto:accountopening@flexpipeinc.com\">accountopening@flexpipeinc.com <\/a>.<br \/>\nIncluya sus<strong> exenciones de impuestos<\/strong> si tiene alguna al mismo tiempo o cualquier documento relevante para completar.<br \/>\nEst\u00e1 invitado a crear simult\u00e1neamente una cuenta web para realizar un pedido en l\u00ednea y tener visibilidad sobre el estado de su pedido, las tarifas de env\u00edo y los pedidos anteriores.<\/p>\n<\/div>\n<hr style=\"background-color: transparent;\" \/>\n<p><strong>He enviado mi formulario PDF, ahora quiero <\/strong><br \/>\n<a class=\"btn--primary\" href=\"https:\/\/shop.flexpipeinc.com\/us_es\/customer\/account\/create\/\" target=\"_blank\" rel=\"noopener\"> Crear un nuevo perfil de cliente<\/a><\/p>\n<hr style=\"background-color: transparent;\" \/>\n<div class=\"typography\">\n<h2 class=\"h2\">\u00bfQuieres hacer un pedido en l\u00ednea con una tarjeta de cr\u00e9dito?<\/h2>\n<p>Cree un nuevo perfil de cliente en l\u00ednea y siga adelante en la tienda.<br \/>\nEnv\u00ede sus <strong>exenciones de impuestos<\/strong> si tiene alguna a <a href=\"mailto:accountopening@flexpipeinc.com\"> accountopening@flexpipeinc.com<\/a>.<br \/>\nPuede descargar nuestra documentaci\u00f3n <a href=\"https:\/\/2641120.fs1.hubspotusercontent-na1.net\/hubfs\/2641120\/account%20opening\/W-8BEN-E.pdf\" target=\"_blank\" rel=\"noopener\"><strong>W-8BEN-E<\/strong><\/a>.<\/p>\n<\/div>\n<hr style=\"background-color: transparent;\" \/>\n<p><a class=\"btn--primary\" href=\"https:\/\/shop.flexpipeinc.com\/us_es\/customer\/account\/create\/\" target=\"_blank\" rel=\"noopener\"> Crear un nuevo perfil de cliente<\/a><\/p>\n<hr style=\"background-color: transparent;\" \/>\n<p>Si tiene alguna pregunta o desea verificar si tiene una cuenta con nosotros, comun\u00edquese con <a href=\"mailto:accountopening@flexpipeinc.com\">accountopening@flexpipeinc.com <\/a>\u00a0o con su gerente de ventas regional.<\/p>\n<p>Tenga en cuenta que el tiempo de procesamiento de sus documentos puede demorar hasta 2 d\u00edas h\u00e1biles.<\/p>\n<\/div>\n<\/section>\n","protected":false},"excerpt":{"rendered":"<p>Abra una cuenta Flexpipe \u00bfQuieres abrir una cuenta con condiciones de pago? Rellene este\u00a0formulario PDF y env\u00edelo a \u00a0accountopening@flexpipeinc.com . Incluya sus exenciones de impuestos si tiene alguna al mismo tiempo o cualquier documento relevante para completar. Est\u00e1 invitado a crear simult\u00e1neamente una cuenta web para realizar un pedido en l\u00ednea y tener visibilidad sobre &hellip; <a href=\"https:\/\/www.flexpipeinc.com\/us_es\/abra-una-cuenta-flexpipe\/\">Continued<\/a><\/p>\n","protected":false},"author":16,"featured_media":0,"parent":0,"menu_order":0,"comment_status":"closed","ping_status":"closed","template":"templates\/template-blank.php","meta":{"_acf_changed":false,"_eb_attr":"","content-type":"","inline_featured_image":false,"sfsi_plus_gutenberg_text_before_share":"","sfsi_plus_gutenberg_show_text_before_share":"","sfsi_plus_gutenberg_icon_type":"","sfsi_plus_gutenberg_icon_alignemt":"","sfsi_plus_gutenburg_max_per_row":"","_eb_data_table":"","cybocfi_hide_featured_image":"","yasr_overall_rating":0,"yasr_post_is_review":"","yasr_auto_insert_disabled":"","yasr_review_type":"","footnotes":""},"class_list":["post-41935","page","type-page","status-publish","hentry"],"acf":[],"yasr_visitor_votes":{"stars_attributes":{"read_only":false,"span_bottom":false},"number_of_votes":0,"sum_votes":0},"amp_enabled":false,"_links":{"self":[{"href":"https:\/\/www.flexpipeinc.com\/us_es\/wp-json\/wp\/v2\/pages\/41935","targetHints":{"allow":["GET"]}}],"collection":[{"href":"https:\/\/www.flexpipeinc.com\/us_es\/wp-json\/wp\/v2\/pages"}],"about":[{"href":"https:\/\/www.flexpipeinc.com\/us_es\/wp-json\/wp\/v2\/types\/page"}],"author":[{"embeddable":true,"href":"https:\/\/www.flexpipeinc.com\/us_es\/wp-json\/wp\/v2\/users\/16"}],"replies":[{"embeddable":true,"href":"https:\/\/www.flexpipeinc.com\/us_es\/wp-json\/wp\/v2\/comments?post=41935"}],"version-history":[{"count":0,"href":"https:\/\/www.flexpipeinc.com\/us_es\/wp-json\/wp\/v2\/pages\/41935\/revisions"}],"wp:attachment":[{"href":"https:\/\/www.flexpipeinc.com\/us_es\/wp-json\/wp\/v2\/media?parent=41935"}],"curies":[{"name":"wp","href":"https:\/\/api.w.org\/{rel}","templated":true}]}}